{"id":13200,"date":"2023-11-29T15:49:40","date_gmt":"2023-11-29T14:49:40","guid":{"rendered":"https:\/\/www.poses-studio.com\/?page_id=13200"},"modified":"2026-01-23T11:35:29","modified_gmt":"2026-01-23T10:35:29","slug":"moha","status":"publish","type":"page","link":"https:\/\/www.poses-studio.com\/en\/coaches\/moha\/","title":{"rendered":"Moha"},"content":{"rendered":"<div data-elementor-type=\"wp-page\" data-elementor-id=\"13200\" class=\"elementor elementor-13200\" data-elementor-post-type=\"page\">\n\t\t\t\t\t\t<section class=\"has_eae_slider elementor-section elementor-top-section elementor-element elementor-element-db0116c elementor-reverse-mobile elementor-section-boxed elementor-section-height-default elementor-section-height-default\" data-eae-slider=\"72272\" data-id=\"db0116c\" data-element_type=\"section\" data-e-type=\"section\">\n\t\t\t\t\t\t<div class=\"elementor-container elementor-column-gap-wider\">\n\t\t\t\t\t<div class=\"has_eae_slider elementor-column elementor-col-50 elementor-top-column elementor-element elementor-element-06c7792\" data-eae-slider=\"26440\" data-id=\"06c7792\" data-element_type=\"column\" data-e-type=\"column\">\n\t\t\t<div class=\"elementor-widget-wrap elementor-element-populated\">\n\t\t\t\t\t\t<section class=\"has_eae_slider elementor-section elementor-inner-section elementor-element elementor-element-7bca5d3 elementor-section-boxed elementor-section-height-default elementor-section-height-default\" data-eae-slider=\"90771\" data-id=\"7bca5d3\" data-element_type=\"section\" data-e-type=\"section\">\n\t\t\t\t\t\t<div class=\"elementor-container elementor-column-gap-default\">\n\t\t\t\t\t<div class=\"has_eae_slider elementor-column elementor-col-50 elementor-inner-column elementor-element elementor-element-4c1b3f6\" data-eae-slider=\"74271\" data-id=\"4c1b3f6\" data-element_type=\"column\" data-e-type=\"column\" id=\"mynameis\" data-settings=\"{&quot;background_background&quot;:&quot;classic&quot;}\">\n\t\t\t<div class=\"elementor-widget-wrap elementor-element-populated\">\n\t\t\t\t\t\t<div class=\"elementor-element elementor-element-d81cc77 elementor-widget elementor-widget-heading\" data-id=\"d81cc77\" data-element_type=\"widget\" data-e-type=\"widget\" data-widget_type=\"heading.default\">\n\t\t\t\t<div class=\"elementor-widget-container\">\n\t\t\t\t\t<h1 class=\"elementor-heading-title elementor-size-small\">Moha<\/h1>\t\t\t\t<\/div>\n\t\t\t\t<\/div>\n\t\t\t\t\t<\/div>\n\t\t<\/div>\n\t\t\t\t<div class=\"has_eae_slider elementor-column elementor-col-50 elementor-inner-column elementor-element elementor-element-84cadea\" data-eae-slider=\"62801\" data-id=\"84cadea\" data-element_type=\"column\" data-e-type=\"column\">\n\t\t\t<div class=\"elementor-widget-wrap elementor-element-populated\">\n\t\t\t\t\t\t<div class=\"elementor-element elementor-element-38eea44 elementor-widget__width-auto elementor-view-default elementor-widget elementor-widget-icon\" data-id=\"38eea44\" data-element_type=\"widget\" data-e-type=\"widget\" data-widget_type=\"icon.default\">\n\t\t\t\t<div class=\"elementor-widget-container\">\n\t\t\t\t\t\t\t<div class=\"elementor-icon-wrapper\">\n\t\t\t<a class=\"elementor-icon\" href=\"https:\/\/www.instagram.com\/moha_dynamics\/\" target=\"_blank\">\n\t\t\t<i aria-hidden=\"true\" class=\"fab fa-instagram\"><\/i>\t\t\t<\/a>\n\t\t<\/div>\n\t\t\t\t\t\t<\/div>\n\t\t\t\t<\/div>\n\t\t\t\t<div class=\"elementor-element elementor-element-a58d187 elementor-widget__width-auto elementor-widget elementor-widget-heading\" data-id=\"a58d187\" data-element_type=\"widget\" data-e-type=\"widget\" data-widget_type=\"heading.default\">\n\t\t\t\t<div class=\"elementor-widget-container\">\n\t\t\t\t\t<p class=\"elementor-heading-title elementor-size-default\"><a href=\"https:\/\/www.instagram.com\/moha_dynamics\/\" target=\"_blank\">@moha_dynamics<\/a><\/p>\t\t\t\t<\/div>\n\t\t\t\t<\/div>\n\t\t\t\t\t<\/div>\n\t\t<\/div>\n\t\t\t\t\t<\/div>\n\t\t<\/section>\n\t\t\t\t<div class=\"elementor-element elementor-element-f1bc03f elementor-widget elementor-widget-text-editor\" data-id=\"f1bc03f\" data-element_type=\"widget\" data-e-type=\"widget\" data-widget_type=\"text-editor.default\">\n\t\t\t\t<div class=\"elementor-widget-container\">\n\t\t\t\t\t\t\t\t\t<p>Moha has always practiced many sports, including dance and Parkour, before becoming passionate about street workouts and muscle strengthening.<\/p><p>So it was only natural that he should go on to study for a degree in sports science and physics, with a view to turning his real passion into a career. Warm and smiling, Moha passes on his passion through his lessons.<\/p><p>The love of sport, with its joy and good vibes, transforms painful squats into enjoyable moments shared as a team, all wrapped up in great playlists!<\/p>\t\t\t\t\t\t\t\t<\/div>\n\t\t\t\t<\/div>\n\t\t\t\t<div class=\"elementor-element elementor-element-24e17e6 elementor-align-left anim-btn elementor-widget elementor-widget-button\" data-id=\"24e17e6\" data-element_type=\"widget\" data-e-type=\"widget\" id=\"btn-coach\" data-widget_type=\"button.default\">\n\t\t\t\t<div class=\"elementor-widget-container\">\n\t\t\t\t\t\t\t\t\t<div class=\"elementor-button-wrapper\">\n\t\t\t\t\t<a class=\"elementor-button elementor-button-link elementor-size-sm\" href=\"https:\/\/www.poses-studio.com\/en\/coaches\/moha\/moha-planning\/\">\n\t\t\t\t\t\t<span class=\"elementor-button-content-wrapper\">\n\t\t\t\t\t\t<span class=\"elementor-button-icon\">\n\t\t\t\t<i aria-hidden=\"true\" class=\"fas fa-long-arrow-alt-right\"><\/i>\t\t\t<\/span>\n\t\t\t\t\t\t\t\t\t<span class=\"elementor-button-text\">Book a session with Moha<\/span>\n\t\t\t\t\t<\/span>\n\t\t\t\t\t<\/a>\n\t\t\t\t<\/div>\n\t\t\t\t\t\t\t\t<\/div>\n\t\t\t\t<\/div>\n\t\t\t\t\t<\/div>\n\t\t<\/div>\n\t\t\t\t<div class=\"has_eae_slider elementor-column elementor-col-50 elementor-top-column elementor-element elementor-element-57c6591\" data-eae-slider=\"32346\" data-id=\"57c6591\" data-element_type=\"column\" data-e-type=\"column\">\n\t\t\t<div class=\"elementor-widget-wrap elementor-element-populated\">\n\t\t\t\t\t\t<div class=\"elementor-element elementor-element-93c7858 elementor-widget elementor-widget-image\" data-id=\"93c7858\" data-element_type=\"widget\" data-e-type=\"widget\" data-widget_type=\"image.default\">\n\t\t\t\t<div class=\"elementor-widget-container\">\n\t\t\t\t\t\t\t\t\t\t\t\t\t\t\t<img fetchpriority=\"high\" decoding=\"async\" width=\"769\" height=\"1024\" src=\"https:\/\/www.poses-studio.com\/wp-content\/uploads\/2024\/02\/MOHA-PAGE-IND-769x1024.png\" class=\"attachment-large size-large wp-image-14025\" alt=\"\" srcset=\"https:\/\/www.poses-studio.com\/wp-content\/uploads\/2024\/02\/MOHA-PAGE-IND-769x1024.png 769w, https:\/\/www.poses-studio.com\/wp-content\/uploads\/2024\/02\/MOHA-PAGE-IND-225x300.png 225w, https:\/\/www.poses-studio.com\/wp-content\/uploads\/2024\/02\/MOHA-PAGE-IND-768x1023.png 768w, https:\/\/www.poses-studio.com\/wp-content\/uploads\/2024\/02\/MOHA-PAGE-IND-1153x1536.png 1153w, https:\/\/www.poses-studio.com\/wp-content\/uploads\/2024\/02\/MOHA-PAGE-IND-1537x2048.png 1537w\" sizes=\"(max-width: 769px) 100vw, 769px\" \/>\t\t\t\t\t\t\t\t\t\t\t\t\t\t\t<\/div>\n\t\t\t\t<\/div>\n\t\t\t\t\t<\/div>\n\t\t<\/div>\n\t\t\t\t\t<\/div>\n\t\t<\/section>\n\t\t\t\t<section class=\"has_eae_slider elementor-section elementor-top-section elementor-element elementor-element-8183c10 elementor-section-full_width elementor-section-height-default elementor-section-height-default\" data-eae-slider=\"76040\" data-id=\"8183c10\" data-element_type=\"section\" data-e-type=\"section\">\n\t\t\t\t\t\t<div class=\"elementor-container elementor-column-gap-default\">\n\t\t\t\t\t<div class=\"has_eae_slider elementor-column elementor-col-100 elementor-top-column elementor-element elementor-element-ce162ed\" data-eae-slider=\"10260\" data-id=\"ce162ed\" data-element_type=\"column\" data-e-type=\"column\">\n\t\t\t<div class=\"elementor-widget-wrap elementor-element-populated\">\n\t\t\t\t\t\t<div class=\"elementor-element elementor-element-e24cfd8 titre-margin-neg elementor-widget elementor-widget-heading\" data-id=\"e24cfd8\" data-element_type=\"widget\" data-e-type=\"widget\" data-widget_type=\"heading.default\">\n\t\t\t\t<div class=\"elementor-widget-container\">\n\t\t\t\t\t<h3 class=\"elementor-heading-title elementor-size-default\">Favorite albums<\/h3>\t\t\t\t<\/div>\n\t\t\t\t<\/div>\n\t\t\t\t<section class=\"has_eae_slider elementor-section elementor-inner-section elementor-element elementor-element-57a4461 elementor-section-boxed elementor-section-height-default elementor-section-height-default\" data-eae-slider=\"7585\" data-id=\"57a4461\" data-element_type=\"section\" data-e-type=\"section\">\n\t\t\t\t\t\t<div class=\"elementor-container elementor-column-gap-default\">\n\t\t\t\t\t<div class=\"has_eae_slider elementor-column elementor-col-100 elementor-inner-column elementor-element elementor-element-c363e42\" data-eae-slider=\"47283\" data-id=\"c363e42\" data-element_type=\"column\" data-e-type=\"column\">\n\t\t\t<div class=\"elementor-widget-wrap elementor-element-populated\">\n\t\t\t\t\t\t<div class=\"elementor-element elementor-element-4cdd29b elementor-widget__width-auto elementor-widget elementor-widget-image\" data-id=\"4cdd29b\" data-element_type=\"widget\" data-e-type=\"widget\" data-widget_type=\"image.default\">\n\t\t\t\t<div class=\"elementor-widget-container\">\n\t\t\t\t\t\t\t\t\t\t\t\t\t\t\t\t<a href=\"https:\/\/open.spotify.com\/intl-fr\/album\/5zi7WsKlIiUXv09tbGLKsE?si=nTwf-skZT4ir8xG0fvpp0g\" target=\"_blank\">\n\t\t\t\t\t\t\t<img decoding=\"async\" src=\"https:\/\/www.poses-studio.com\/wp-content\/uploads\/elementor\/thumbs\/81MJUW7iUaL._UF10001000_QL80_-qg13vmbnrfwm31ky86c5a5qlipzxjna2icz54m0j8c.jpg\" title=\"\" alt=\"\" loading=\"lazy\" \/>\t\t\t\t\t\t\t\t<\/a>\n\t\t\t\t\t\t\t\t\t\t\t\t\t\t\t<\/div>\n\t\t\t\t<\/div>\n\t\t\t\t<div class=\"elementor-element elementor-element-98dfae2 elementor-widget__width-auto elementor-widget elementor-widget-image\" data-id=\"98dfae2\" data-element_type=\"widget\" data-e-type=\"widget\" data-widget_type=\"image.default\">\n\t\t\t\t<div class=\"elementor-widget-container\">\n\t\t\t\t\t\t\t\t\t\t\t\t\t\t\t\t<a href=\"https:\/\/open.spotify.com\/intl-fr\/album\/0PHMNbcgHfzSUALlfk7wGg?si=IlfKgb5LQjenm23yYbArbg\" target=\"_blank\">\n\t\t\t\t\t\t\t<img decoding=\"async\" src=\"https:\/\/www.poses-studio.com\/wp-content\/uploads\/elementor\/thumbs\/500x500-qg13vgommfow5dt553wdv75tyerq9gnohl288y8w9o.jpeg\" title=\"\" alt=\"\" loading=\"lazy\" \/>\t\t\t\t\t\t\t\t<\/a>\n\t\t\t\t\t\t\t\t\t\t\t\t\t\t\t<\/div>\n\t\t\t\t<\/div>\n\t\t\t\t<div class=\"elementor-element elementor-element-08d393b elementor-widget__width-auto elementor-widget elementor-widget-image\" data-id=\"08d393b\" data-element_type=\"widget\" data-e-type=\"widget\" data-widget_type=\"image.default\">\n\t\t\t\t<div class=\"elementor-widget-container\">\n\t\t\t\t\t\t\t\t\t\t\t\t\t\t\t\t<a href=\"https:\/\/open.spotify.com\/intl-fr\/album\/4aW4iDepQUl5ZCHd1Gli68?si=rniXORbUQH-jQVvRZFlAtw\" target=\"_blank\">\n\t\t\t\t\t\t\t<img decoding=\"async\" src=\"https:\/\/www.poses-studio.com\/wp-content\/uploads\/elementor\/thumbs\/ENTERGALACTIC-qg13vdv41xl16jx8lkoi5pvg695mmdchh73rt4d2sc.jpeg\" title=\"ENTERGALACTIC\" alt=\"ENTERGALACTIC\" loading=\"lazy\" \/>\t\t\t\t\t\t\t\t<\/a>\n\t\t\t\t\t\t\t\t\t\t\t\t\t\t\t<\/div>\n\t\t\t\t<\/div>\n\t\t\t\t\t<\/div>\n\t\t<\/div>\n\t\t\t\t\t<\/div>\n\t\t<\/section>\n\t\t\t\t\t<\/div>\n\t\t<\/div>\n\t\t\t\t\t<\/div>\n\t\t<\/section>\n\t\t\t\t<\/div>","protected":false},"excerpt":{"rendered":"<p>Moha @moha_dynamics Moha a toujours pratiqu\u00e9 de nombreux sports, dont la danse et le Parkour, avant de se passionner pour le street workout et le renforcement musculaire. C&rsquo;est donc naturellement qu&rsquo;il s&rsquo;oriente vers une licence STAPS, afin de faire de cette v\u00e9ritable passion son m\u00e9tier. Chaleureux et souriant, Moha transmet sa passion \u00e0 travers ses [&hellip;]<\/p>\n","protected":false},"author":19,"featured_media":14025,"parent":10,"menu_order":0,"comment_status":"closed","ping_status":"closed","template":"","meta":{"_acf_changed":false,"footnotes":""},"class_list":["post-13200","page","type-page","status-publish","has-post-thumbnail","hentry"],"acf":[],"yoast_head":"<!-- This site is optimized with the Yoast SEO plugin v27.5 - https:\/\/yoast.com\/product\/yoast-seo-wordpress\/ -->\n<title>Let it Flow with Moha - POSES Studio - Yoga, Pilates<\/title>\n<meta name=\"description\" content=\"D\u00e9couvrez notre coach Moha ! Chaleureux et souriant, Moha transmet sa passion \u00e0 travers ses cours.\" \/>\n<meta name=\"robots\" content=\"index, follow, max-snippet:-1, max-image-preview:large, max-video-preview:-1\" \/>\n<link rel=\"canonical\" href=\"https:\/\/www.poses-studio.com\/en\/coaches\/moha\/\" \/>\n<meta property=\"og:locale\" content=\"en_GB\" \/>\n<meta property=\"og:type\" content=\"article\" \/>\n<meta property=\"og:title\" content=\"Let it Flow with Moha - POSES Studio - Yoga, Pilates\" \/>\n<meta property=\"og:description\" content=\"D\u00e9couvrez notre coach Moha ! Chaleureux et souriant, Moha transmet sa passion \u00e0 travers ses cours.\" \/>\n<meta property=\"og:url\" content=\"https:\/\/www.poses-studio.com\/en\/coaches\/moha\/\" \/>\n<meta property=\"og:site_name\" content=\"POSES Studio\" \/>\n<meta property=\"article:publisher\" content=\"https:\/\/www.facebook.com\/studiosposes\" \/>\n<meta property=\"article:modified_time\" content=\"2026-01-23T10:35:29+00:00\" \/>\n<meta property=\"og:image\" content=\"https:\/\/www.poses-studio.com\/wp-content\/uploads\/2024\/02\/MOHA-PAGE-IND-769x1024.png\" \/>\n\t<meta property=\"og:image:width\" content=\"769\" \/>\n\t<meta property=\"og:image:height\" content=\"1024\" \/>\n\t<meta property=\"og:image:type\" content=\"image\/png\" \/>\n<meta name=\"twitter:card\" content=\"summary_large_image\" \/>\n<meta name=\"twitter:label1\" content=\"Estimated reading time\" \/>\n\t<meta name=\"twitter:data1\" content=\"2 minutes\" \/>\n<script type=\"application\/ld+json\" class=\"yoast-schema-graph\">{\"@context\":\"https:\\\/\\\/schema.org\",\"@graph\":[{\"@type\":\"WebPage\",\"@id\":\"https:\\\/\\\/www.poses-studio.com\\\/coachs\\\/moha\\\/\",\"url\":\"https:\\\/\\\/www.poses-studio.com\\\/coachs\\\/moha\\\/\",\"name\":\"Let it Flow with Moha - POSES Studio - Yoga, Pilates\",\"isPartOf\":{\"@id\":\"https:\\\/\\\/www.poses-studio.com\\\/#website\"},\"primaryImageOfPage\":{\"@id\":\"https:\\\/\\\/www.poses-studio.com\\\/coachs\\\/moha\\\/#primaryimage\"},\"image\":{\"@id\":\"https:\\\/\\\/www.poses-studio.com\\\/coachs\\\/moha\\\/#primaryimage\"},\"thumbnailUrl\":\"https:\\\/\\\/www.poses-studio.com\\\/wp-content\\\/uploads\\\/2024\\\/02\\\/MOHA-PAGE-IND.png\",\"datePublished\":\"2023-11-29T14:49:40+00:00\",\"dateModified\":\"2026-01-23T10:35:29+00:00\",\"description\":\"D\u00e9couvrez notre coach Moha ! Chaleureux et souriant, Moha transmet sa passion \u00e0 travers ses cours.\",\"breadcrumb\":{\"@id\":\"https:\\\/\\\/www.poses-studio.com\\\/coachs\\\/moha\\\/#breadcrumb\"},\"inLanguage\":\"en-GB\",\"potentialAction\":[{\"@type\":\"ReadAction\",\"target\":[\"https:\\\/\\\/www.poses-studio.com\\\/coachs\\\/moha\\\/\"]}]},{\"@type\":\"ImageObject\",\"inLanguage\":\"en-GB\",\"@id\":\"https:\\\/\\\/www.poses-studio.com\\\/coachs\\\/moha\\\/#primaryimage\",\"url\":\"https:\\\/\\\/www.poses-studio.com\\\/wp-content\\\/uploads\\\/2024\\\/02\\\/MOHA-PAGE-IND.png\",\"contentUrl\":\"https:\\\/\\\/www.poses-studio.com\\\/wp-content\\\/uploads\\\/2024\\\/02\\\/MOHA-PAGE-IND.png\",\"width\":2290,\"height\":3051},{\"@type\":\"BreadcrumbList\",\"@id\":\"https:\\\/\\\/www.poses-studio.com\\\/coachs\\\/moha\\\/#breadcrumb\",\"itemListElement\":[{\"@type\":\"ListItem\",\"position\":1,\"name\":\"Accueil\",\"item\":\"https:\\\/\\\/www.poses-studio.com\\\/\"},{\"@type\":\"ListItem\",\"position\":2,\"name\":\"Coachs\",\"item\":\"https:\\\/\\\/www.poses-studio.com\\\/coachs\\\/\"},{\"@type\":\"ListItem\",\"position\":3,\"name\":\"Moha\"}]},{\"@type\":\"WebSite\",\"@id\":\"https:\\\/\\\/www.poses-studio.com\\\/#website\",\"url\":\"https:\\\/\\\/www.poses-studio.com\\\/\",\"name\":\"POSES Studio\",\"description\":\"\",\"publisher\":{\"@id\":\"https:\\\/\\\/www.poses-studio.com\\\/#organization\"},\"potentialAction\":[{\"@type\":\"SearchAction\",\"target\":{\"@type\":\"EntryPoint\",\"urlTemplate\":\"https:\\\/\\\/www.poses-studio.com\\\/?s={search_term_string}\"},\"query-input\":{\"@type\":\"PropertyValueSpecification\",\"valueRequired\":true,\"valueName\":\"search_term_string\"}}],\"inLanguage\":\"en-GB\"},{\"@type\":\"Organization\",\"@id\":\"https:\\\/\\\/www.poses-studio.com\\\/#organization\",\"name\":\"Poses Yoga\",\"url\":\"https:\\\/\\\/www.poses-studio.com\\\/\",\"logo\":{\"@type\":\"ImageObject\",\"inLanguage\":\"en-GB\",\"@id\":\"https:\\\/\\\/www.poses-studio.com\\\/#\\\/schema\\\/logo\\\/image\\\/\",\"url\":\"https:\\\/\\\/www.poses-studio.com\\\/wp-content\\\/uploads\\\/2020\\\/10\\\/cropped-FAVICON.png\",\"contentUrl\":\"https:\\\/\\\/www.poses-studio.com\\\/wp-content\\\/uploads\\\/2020\\\/10\\\/cropped-FAVICON.png\",\"width\":512,\"height\":512,\"caption\":\"Poses Yoga\"},\"image\":{\"@id\":\"https:\\\/\\\/www.poses-studio.com\\\/#\\\/schema\\\/logo\\\/image\\\/\"},\"sameAs\":[\"https:\\\/\\\/www.facebook.com\\\/studiosposes\",\"https:\\\/\\\/www.instagram.com\\\/studioposes\\\/\",\"https:\\\/\\\/www.linkedin.com\\\/showcase\\\/poses-yoga-studio\\\/\"]}]}<\/script>\n<!-- \/ Yoast SEO plugin. -->","yoast_head_json":{"title":"Let it Flow with Moha - POSES Studio - Yoga, Pilates","description":"Meet our coach Moha! Warm and smiling, Moha passes on his passion through his classes.","robots":{"index":"index","follow":"follow","max-snippet":"max-snippet:-1","max-image-preview":"max-image-preview:large","max-video-preview":"max-video-preview:-1"},"canonical":"https:\/\/www.poses-studio.com\/en\/coaches\/moha\/","og_locale":"en_GB","og_type":"article","og_title":"Let it Flow with Moha - POSES Studio - Yoga, Pilates","og_description":"D\u00e9couvrez notre coach Moha ! Chaleureux et souriant, Moha transmet sa passion \u00e0 travers ses cours.","og_url":"https:\/\/www.poses-studio.com\/en\/coaches\/moha\/","og_site_name":"POSES Studio","article_publisher":"https:\/\/www.facebook.com\/studiosposes","article_modified_time":"2026-01-23T10:35:29+00:00","og_image":[{"width":769,"height":1024,"url":"https:\/\/www.poses-studio.com\/wp-content\/uploads\/2024\/02\/MOHA-PAGE-IND-769x1024.png","type":"image\/png"}],"twitter_card":"summary_large_image","twitter_misc":{"Estimated reading time":"2 minutes"},"schema":{"@context":"https:\/\/schema.org","@graph":[{"@type":"WebPage","@id":"https:\/\/www.poses-studio.com\/coachs\/moha\/","url":"https:\/\/www.poses-studio.com\/coachs\/moha\/","name":"Let it Flow with Moha - POSES Studio - Yoga, Pilates","isPartOf":{"@id":"https:\/\/www.poses-studio.com\/#website"},"primaryImageOfPage":{"@id":"https:\/\/www.poses-studio.com\/coachs\/moha\/#primaryimage"},"image":{"@id":"https:\/\/www.poses-studio.com\/coachs\/moha\/#primaryimage"},"thumbnailUrl":"https:\/\/www.poses-studio.com\/wp-content\/uploads\/2024\/02\/MOHA-PAGE-IND.png","datePublished":"2023-11-29T14:49:40+00:00","dateModified":"2026-01-23T10:35:29+00:00","description":"Meet our coach Moha! Warm and smiling, Moha passes on his passion through his classes.","breadcrumb":{"@id":"https:\/\/www.poses-studio.com\/coachs\/moha\/#breadcrumb"},"inLanguage":"en-GB","potentialAction":[{"@type":"ReadAction","target":["https:\/\/www.poses-studio.com\/coachs\/moha\/"]}]},{"@type":"ImageObject","inLanguage":"en-GB","@id":"https:\/\/www.poses-studio.com\/coachs\/moha\/#primaryimage","url":"https:\/\/www.poses-studio.com\/wp-content\/uploads\/2024\/02\/MOHA-PAGE-IND.png","contentUrl":"https:\/\/www.poses-studio.com\/wp-content\/uploads\/2024\/02\/MOHA-PAGE-IND.png","width":2290,"height":3051},{"@type":"BreadcrumbList","@id":"https:\/\/www.poses-studio.com\/coachs\/moha\/#breadcrumb","itemListElement":[{"@type":"ListItem","position":1,"name":"Accueil","item":"https:\/\/www.poses-studio.com\/"},{"@type":"ListItem","position":2,"name":"Coachs","item":"https:\/\/www.poses-studio.com\/coachs\/"},{"@type":"ListItem","position":3,"name":"Moha"}]},{"@type":"WebSite","@id":"https:\/\/www.poses-studio.com\/#website","url":"https:\/\/www.poses-studio.com\/","name":"Studio POSES","description":"","publisher":{"@id":"https:\/\/www.poses-studio.com\/#organization"},"potentialAction":[{"@type":"SearchAction","target":{"@type":"EntryPoint","urlTemplate":"https:\/\/www.poses-studio.com\/?s={search_term_string}"},"query-input":{"@type":"PropertyValueSpecification","valueRequired":true,"valueName":"search_term_string"}}],"inLanguage":"en-GB"},{"@type":"Organization","@id":"https:\/\/www.poses-studio.com\/#organization","name":"Yoga Poses","url":"https:\/\/www.poses-studio.com\/","logo":{"@type":"ImageObject","inLanguage":"en-GB","@id":"https:\/\/www.poses-studio.com\/#\/schema\/logo\/image\/","url":"https:\/\/www.poses-studio.com\/wp-content\/uploads\/2020\/10\/cropped-FAVICON.png","contentUrl":"https:\/\/www.poses-studio.com\/wp-content\/uploads\/2020\/10\/cropped-FAVICON.png","width":512,"height":512,"caption":"Poses Yoga"},"image":{"@id":"https:\/\/www.poses-studio.com\/#\/schema\/logo\/image\/"},"sameAs":["https:\/\/www.facebook.com\/studiosposes","https:\/\/www.instagram.com\/studioposes\/","https:\/\/www.linkedin.com\/showcase\/poses-yoga-studio\/"]}]}},"jetpack_sharing_enabled":true,"_links":{"self":[{"href":"https:\/\/www.poses-studio.com\/en\/wp-json\/wp\/v2\/pages\/13200","targetHints":{"allow":["GET"]}}],"collection":[{"href":"https:\/\/www.poses-studio.com\/en\/wp-json\/wp\/v2\/pages"}],"about":[{"href":"https:\/\/www.poses-studio.com\/en\/wp-json\/wp\/v2\/types\/page"}],"author":[{"embeddable":true,"href":"https:\/\/www.poses-studio.com\/en\/wp-json\/wp\/v2\/users\/19"}],"replies":[{"embeddable":true,"href":"https:\/\/www.poses-studio.com\/en\/wp-json\/wp\/v2\/comments?post=13200"}],"version-history":[{"count":3,"href":"https:\/\/www.poses-studio.com\/en\/wp-json\/wp\/v2\/pages\/13200\/revisions"}],"predecessor-version":[{"id":15041,"href":"https:\/\/www.poses-studio.com\/en\/wp-json\/wp\/v2\/pages\/13200\/revisions\/15041"}],"up":[{"embeddable":true,"href":"https:\/\/www.poses-studio.com\/en\/wp-json\/wp\/v2\/pages\/10"}],"wp:featuredmedia":[{"embeddable":true,"href":"https:\/\/www.poses-studio.com\/en\/wp-json\/wp\/v2\/media\/14025"}],"wp:attachment":[{"href":"https:\/\/www.poses-studio.com\/en\/wp-json\/wp\/v2\/media?parent=13200"}],"curies":[{"name":"wp","href":"https:\/\/api.w.org\/{rel}","templated":true}]}}