{"id":15120,"date":"2024-04-19T10:11:20","date_gmt":"2024-04-19T08:11:20","guid":{"rendered":"https:\/\/www.poses-studio.com\/?page_id=15120"},"modified":"2026-02-25T11:59:22","modified_gmt":"2026-02-25T10:59:22","slug":"sanctuary-pass","status":"publish","type":"page","link":"https:\/\/www.poses-studio.com\/en\/sanctuary-pass\/","title":{"rendered":"Sanctuary, the best fitness studio experiences"},"content":{"rendered":"<div data-elementor-type=\"wp-page\" data-elementor-id=\"15120\" class=\"elementor elementor-15120\" data-elementor-post-type=\"page\">\n\t\t\t\t\t\t<section class=\"has_eae_slider elementor-section elementor-top-section elementor-element elementor-element-fb4d65e elementor-section-height-min-height elementor-section-full_width elementor-section-content-middle elementor-section-height-default elementor-section-items-middle\" data-eae-slider=\"53438\" data-id=\"fb4d65e\" data-element_type=\"section\" data-e-type=\"section\" data-settings=\"{&quot;background_background&quot;:&quot;video&quot;,&quot;background_play_on_mobile&quot;:&quot;yes&quot;,&quot;background_video_link&quot;:&quot;https:\\\/\\\/vimeo.com\\\/936682265&quot;}\">\n\t\t\t\t\t\t\t\t<div class=\"elementor-background-video-container\">\n\t\t\t\t\t\t\t\t\t\t\t\t\t<div class=\"elementor-background-video-embed\" role=\"presentation\"><\/div>\n\t\t\t\t\t\t\t\t\t\t\t\t<\/div>\n\t\t\t\t\t\t\t\t\t<div class=\"elementor-background-overlay\"><\/div>\n\t\t\t\t\t\t\t<div class=\"elementor-container elementor-column-gap-default\">\n\t\t\t\t\t<div class=\"has_eae_slider elementor-column elementor-col-100 elementor-top-column elementor-element elementor-element-9c0a6f2\" data-eae-slider=\"5477\" data-id=\"9c0a6f2\" data-element_type=\"column\" data-e-type=\"column\">\n\t\t\t<div class=\"elementor-widget-wrap\">\n\t\t\t\t\t\t\t<\/div>\n\t\t<\/div>\n\t\t\t\t\t<\/div>\n\t\t<\/section>\n\t\t\t\t<section class=\"has_eae_slider elementor-section elementor-top-section elementor-element elementor-element-b0741af elementor-section-full_width elementor-reverse-mobile elementor-section-height-default elementor-section-height-default\" data-eae-slider=\"15785\" data-id=\"b0741af\" data-element_type=\"section\" data-e-type=\"section\">\n\t\t\t\t\t\t<div class=\"elementor-container elementor-column-gap-default\">\n\t\t\t\t\t<div class=\"has_eae_slider elementor-column elementor-col-50 elementor-top-column elementor-element elementor-element-a3d02b8\" data-eae-slider=\"11152\" data-id=\"a3d02b8\" data-element_type=\"column\" data-e-type=\"column\" data-settings=\"{&quot;background_background&quot;:&quot;classic&quot;}\">\n\t\t\t<div class=\"elementor-widget-wrap elementor-element-populated\">\n\t\t\t\t\t\t<div class=\"elementor-element elementor-element-c15b307 elementor-widget elementor-widget-spacer\" data-id=\"c15b307\" data-element_type=\"widget\" data-e-type=\"widget\" data-widget_type=\"spacer.default\">\n\t\t\t\t<div class=\"elementor-widget-container\">\n\t\t\t\t\t\t\t<div class=\"elementor-spacer\">\n\t\t\t<div class=\"elementor-spacer-inner\"><\/div>\n\t\t<\/div>\n\t\t\t\t\t\t<\/div>\n\t\t\t\t<\/div>\n\t\t\t\t\t<\/div>\n\t\t<\/div>\n\t\t\t\t<div class=\"has_eae_slider elementor-column elementor-col-50 elementor-top-column elementor-element elementor-element-5252abb\" data-eae-slider=\"16505\" data-id=\"5252abb\" data-element_type=\"column\" data-e-type=\"column\">\n\t\t\t<div class=\"elementor-widget-wrap elementor-element-populated\">\n\t\t\t\t\t\t<div class=\"elementor-element elementor-element-af326b3 elementor-widget elementor-widget-heading\" data-id=\"af326b3\" data-element_type=\"widget\" data-e-type=\"widget\" data-widget_type=\"heading.default\">\n\t\t\t\t<div class=\"elementor-widget-container\">\n\t\t\t\t\t<h1 class=\"elementor-heading-title elementor-size-default\">SANCTUARY<\/h1>\t\t\t\t<\/div>\n\t\t\t\t<\/div>\n\t\t\t\t<div class=\"elementor-element elementor-element-47d2c57 elementor-widget elementor-widget-text-editor\" data-id=\"47d2c57\" data-element_type=\"widget\" data-e-type=\"widget\" data-widget_type=\"text-editor.default\">\n\t\t\t\t<div class=\"elementor-widget-container\">\n\t\t\t\t\t\t\t\t\t<p>You asked us for it. We did it:\u00a0<b>6 concepts<\/b>\u00a0from Sanctuary come together to offer you a unique immersive experience.<\/p><p>Discover all our urban sanctuaries dedicated to fun sport,\u00a0<b data-stringify-type=\"bold\">where letting go is our credo.<\/b><\/p><p><b>Thanks to our application, book in just a few clicks<\/b>\u00a0your sessions in our 14 studios and experience a varied well-being routine according to your desires.<\/p><p>From Yoga at Poses to bootcamp at Le Cercle, through aquacycling at Aqua by and more.<\/p><p><b>Sanctuary: the best fitness experience.<\/b><\/p>\t\t\t\t\t\t\t\t<\/div>\n\t\t\t\t<\/div>\n\t\t\t\t<div class=\"elementor-element elementor-element-3b4b2ba elementor-align-left btn-mobile elementor-widget elementor-widget-button\" data-id=\"3b4b2ba\" data-element_type=\"widget\" data-e-type=\"widget\" data-widget_type=\"button.default\">\n\t\t\t\t<div class=\"elementor-widget-container\">\n\t\t\t\t\t\t\t\t\t<div class=\"elementor-button-wrapper\">\n\t\t\t\t\t<a class=\"elementor-button elementor-button-link elementor-size-sm\" href=\"https:\/\/www.poses-studio.com\/en\/good-news-planning\/\">\n\t\t\t\t\t\t<span class=\"elementor-button-content-wrapper\">\n\t\t\t\t\t\t\t\t\t<span class=\"elementor-button-text\">book<\/span>\n\t\t\t\t\t<\/span>\n\t\t\t\t\t<\/a>\n\t\t\t\t<\/div>\n\t\t\t\t\t\t\t\t<\/div>\n\t\t\t\t<\/div>\n\t\t\t\t\t<\/div>\n\t\t<\/div>\n\t\t\t\t\t<\/div>\n\t\t<\/section>\n\t\t\t\t<section class=\"has_eae_slider elementor-section elementor-top-section elementor-element elementor-element-09832f6 elementor-section-height-min-height elementor-section-full_width elementor-section-content-middle elementor-hidden-mobile elementor-section-height-default elementor-section-items-middle\" data-eae-slider=\"78513\" data-id=\"09832f6\" data-element_type=\"section\" data-e-type=\"section\" data-settings=\"{&quot;background_background&quot;:&quot;classic&quot;}\">\n\t\t\t\t\t\t\t<div class=\"elementor-background-overlay\"><\/div>\n\t\t\t\t\t\t\t<div class=\"elementor-container elementor-column-gap-default\">\n\t\t\t\t\t<div class=\"has_eae_slider elementor-column elementor-col-100 elementor-top-column elementor-element elementor-element-481425a\" data-eae-slider=\"49471\" data-id=\"481425a\" data-element_type=\"column\" data-e-type=\"column\">\n\t\t\t<div class=\"elementor-widget-wrap elementor-element-populated\">\n\t\t\t\t\t\t<div class=\"elementor-element elementor-element-7c1c4c7 elementor-widget elementor-widget-image\" data-id=\"7c1c4c7\" data-element_type=\"widget\" data-e-type=\"widget\" data-widget_type=\"image.default\">\n\t\t\t\t<div class=\"elementor-widget-container\">\n\t\t\t\t\t\t\t\t\t\t\t\t\t\t\t\t<a href=\"https:\/\/apps.apple.com\/us\/app\/the-sanctuary-pass\/id6477883519\">\n\t\t\t\t\t\t\t<img fetchpriority=\"high\" decoding=\"async\" width=\"1440\" height=\"432\" src=\"https:\/\/www.poses-studio.com\/wp-content\/uploads\/2024\/04\/Frame-1505-1.png\" class=\"attachment-full size-full wp-image-15144\" alt=\"\" srcset=\"https:\/\/www.poses-studio.com\/wp-content\/uploads\/2024\/04\/Frame-1505-1.png 1440w, https:\/\/www.poses-studio.com\/wp-content\/uploads\/2024\/04\/Frame-1505-1-300x90.png 300w, https:\/\/www.poses-studio.com\/wp-content\/uploads\/2024\/04\/Frame-1505-1-1024x307.png 1024w, https:\/\/www.poses-studio.com\/wp-content\/uploads\/2024\/04\/Frame-1505-1-768x230.png 768w\" sizes=\"(max-width: 1440px) 100vw, 1440px\" \/>\t\t\t\t\t\t\t\t<\/a>\n\t\t\t\t\t\t\t\t\t\t\t\t\t\t\t<\/div>\n\t\t\t\t<\/div>\n\t\t\t\t\t<\/div>\n\t\t<\/div>\n\t\t\t\t\t<\/div>\n\t\t<\/section>\n\t\t\t\t<section class=\"has_eae_slider elementor-section elementor-top-section elementor-element elementor-element-f1a67df elementor-section-height-min-height elementor-section-full_width elementor-section-content-middle elementor-hidden-desktop elementor-hidden-tablet elementor-section-height-default elementor-section-items-middle\" data-eae-slider=\"9179\" data-id=\"f1a67df\" data-element_type=\"section\" data-e-type=\"section\" data-settings=\"{&quot;background_background&quot;:&quot;classic&quot;}\">\n\t\t\t\t\t\t\t<div class=\"elementor-background-overlay\"><\/div>\n\t\t\t\t\t\t\t<div class=\"elementor-container elementor-column-gap-default\">\n\t\t\t\t\t<div class=\"has_eae_slider elementor-column elementor-col-100 elementor-top-column elementor-element elementor-element-cab30c9\" data-eae-slider=\"58691\" data-id=\"cab30c9\" data-element_type=\"column\" data-e-type=\"column\">\n\t\t\t<div class=\"elementor-widget-wrap elementor-element-populated\">\n\t\t\t\t\t\t<div class=\"elementor-element elementor-element-8f47816 elementor-widget elementor-widget-image\" data-id=\"8f47816\" data-element_type=\"widget\" data-e-type=\"widget\" data-widget_type=\"image.default\">\n\t\t\t\t<div class=\"elementor-widget-container\">\n\t\t\t\t\t\t\t\t\t\t\t\t\t\t\t\t<a href=\"https:\/\/apps.apple.com\/us\/app\/the-sanctuary-pass\/id6477883519\">\n\t\t\t\t\t\t\t<img decoding=\"async\" width=\"375\" height=\"633\" src=\"https:\/\/www.poses-studio.com\/wp-content\/uploads\/2024\/04\/Group-1485-1.png\" class=\"attachment-large size-large wp-image-15145\" alt=\"\" srcset=\"https:\/\/www.poses-studio.com\/wp-content\/uploads\/2024\/04\/Group-1485-1.png 375w, https:\/\/www.poses-studio.com\/wp-content\/uploads\/2024\/04\/Group-1485-1-178x300.png 178w\" sizes=\"(max-width: 375px) 100vw, 375px\" \/>\t\t\t\t\t\t\t\t<\/a>\n\t\t\t\t\t\t\t\t\t\t\t\t\t\t\t<\/div>\n\t\t\t\t<\/div>\n\t\t\t\t\t<\/div>\n\t\t<\/div>\n\t\t\t\t\t<\/div>\n\t\t<\/section>\n\t\t\t\t<section class=\"has_eae_slider elementor-section elementor-top-section elementor-element elementor-element-4a5c2db elementor-section-height-min-height elementor-section-full_width elementor-section-content-middle elementor-hidden-mobile elementor-section-height-default elementor-section-items-middle\" data-eae-slider=\"78481\" data-id=\"4a5c2db\" data-element_type=\"section\" data-e-type=\"section\" data-settings=\"{&quot;background_background&quot;:&quot;classic&quot;}\">\n\t\t\t\t\t\t\t<div class=\"elementor-background-overlay\"><\/div>\n\t\t\t\t\t\t\t<div class=\"elementor-container elementor-column-gap-default\">\n\t\t\t\t\t<div class=\"has_eae_slider elementor-column elementor-col-100 elementor-top-column elementor-element elementor-element-d97f953\" data-eae-slider=\"24063\" data-id=\"d97f953\" data-element_type=\"column\" data-e-type=\"column\">\n\t\t\t<div class=\"elementor-widget-wrap elementor-element-populated\">\n\t\t\t\t\t\t<div class=\"elementor-element elementor-element-9c3ce21 elementor-widget elementor-widget-image\" data-id=\"9c3ce21\" data-element_type=\"widget\" data-e-type=\"widget\" data-widget_type=\"image.default\">\n\t\t\t\t<div class=\"elementor-widget-container\">\n\t\t\t\t\t\t\t\t\t\t\t\t\t\t\t\t<a href=\"https:\/\/apps.apple.com\/us\/app\/the-sanctuary-pass\/id6477883519\">\n\t\t\t\t\t\t\t<img decoding=\"async\" width=\"1180\" height=\"520\" src=\"https:\/\/www.poses-studio.com\/wp-content\/uploads\/2024\/04\/Group-1476-1.png\" class=\"attachment-full size-full wp-image-15146\" alt=\"\" srcset=\"https:\/\/www.poses-studio.com\/wp-content\/uploads\/2024\/04\/Group-1476-1.png 1180w, https:\/\/www.poses-studio.com\/wp-content\/uploads\/2024\/04\/Group-1476-1-300x132.png 300w, https:\/\/www.poses-studio.com\/wp-content\/uploads\/2024\/04\/Group-1476-1-1024x451.png 1024w, https:\/\/www.poses-studio.com\/wp-content\/uploads\/2024\/04\/Group-1476-1-768x338.png 768w\" sizes=\"(max-width: 1180px) 100vw, 1180px\" \/>\t\t\t\t\t\t\t\t<\/a>\n\t\t\t\t\t\t\t\t\t\t\t\t\t\t\t<\/div>\n\t\t\t\t<\/div>\n\t\t\t\t\t<\/div>\n\t\t<\/div>\n\t\t\t\t\t<\/div>\n\t\t<\/section>\n\t\t\t\t<section class=\"has_eae_slider elementor-section elementor-top-section elementor-element elementor-element-0021bf1 elementor-section-height-min-height elementor-section-full_width elementor-section-content-middle elementor-hidden-desktop elementor-hidden-tablet elementor-section-height-default elementor-section-items-middle\" data-eae-slider=\"91901\" data-id=\"0021bf1\" data-element_type=\"section\" data-e-type=\"section\" data-settings=\"{&quot;background_background&quot;:&quot;classic&quot;}\">\n\t\t\t\t\t\t\t<div class=\"elementor-background-overlay\"><\/div>\n\t\t\t\t\t\t\t<div class=\"elementor-container elementor-column-gap-default\">\n\t\t\t\t\t<div class=\"has_eae_slider elementor-column elementor-col-100 elementor-top-column elementor-element elementor-element-bb0bce4\" data-eae-slider=\"2253\" data-id=\"bb0bce4\" data-element_type=\"column\" data-e-type=\"column\">\n\t\t\t<div class=\"elementor-widget-wrap elementor-element-populated\">\n\t\t\t\t\t\t<div class=\"elementor-element elementor-element-1175955 elementor-widget elementor-widget-image\" data-id=\"1175955\" data-element_type=\"widget\" data-e-type=\"widget\" data-widget_type=\"image.default\">\n\t\t\t\t<div class=\"elementor-widget-container\">\n\t\t\t\t\t\t\t\t\t\t\t\t\t\t\t\t<a href=\"https:\/\/apps.apple.com\/us\/app\/the-sanctuary-pass\/id6477883519\">\n\t\t\t\t\t\t\t<img loading=\"lazy\" decoding=\"async\" width=\"358\" height=\"552\" src=\"https:\/\/www.poses-studio.com\/wp-content\/uploads\/2024\/04\/Group-1487-1.png\" class=\"attachment-1536x1536 size-1536x1536 wp-image-15147\" alt=\"\" srcset=\"https:\/\/www.poses-studio.com\/wp-content\/uploads\/2024\/04\/Group-1487-1.png 358w, https:\/\/www.poses-studio.com\/wp-content\/uploads\/2024\/04\/Group-1487-1-195x300.png 195w\" sizes=\"(max-width: 358px) 100vw, 358px\" \/>\t\t\t\t\t\t\t\t<\/a>\n\t\t\t\t\t\t\t\t\t\t\t\t\t\t\t<\/div>\n\t\t\t\t<\/div>\n\t\t\t\t\t<\/div>\n\t\t<\/div>\n\t\t\t\t\t<\/div>\n\t\t<\/section>\n\t\t\t\t<\/div>","protected":false},"excerpt":{"rendered":"<p>SANCTUARY Vous nous l\u2019aviez demand\u00e9. Nous l\u2019avons fait : les\u00a06 concepts\u00a0de Sanctuary s\u2019unissent pour vous offrir une exp\u00e9rience immersive unique. D\u00e9couvrez tous nos sanctuaires urbains d\u00e9di\u00e9s au sport plaisir,\u00a0o\u00f9 l\u00e2cher-prise est notre credo. Gr\u00e2ce \u00e0 notre application, r\u00e9servez en quelques clics\u00a0vos sessions dans nos 14 studios et vivez une routine bien-\u00eatre vari\u00e9e selon vos envies. [&hellip;]<\/p>\n","protected":false},"author":14,"featured_media":4741,"parent":0,"menu_order":0,"comment_status":"closed","ping_status":"closed","template":"","meta":{"_acf_changed":false,"footnotes":""},"class_list":["post-15120","page","type-page","status-publish","has-post-thumbnail","hentry"],"acf":[],"yoast_head":"<!-- This site is optimized with the Yoast SEO plugin v27.6 - https:\/\/yoast.com\/product\/yoast-seo-wordpress\/ -->\n<title>Sanctuary Pass : num\u00e9ro 1 des boutiques de gym !<\/title>\n<meta name=\"robots\" content=\"index, follow, max-snippet:-1, max-image-preview:large, max-video-preview:-1\" \/>\n<link rel=\"canonical\" href=\"https:\/\/www.poses-studio.com\/en\/sanctuary-pass\/\" \/>\n<meta property=\"og:locale\" content=\"en_GB\" \/>\n<meta property=\"og:type\" content=\"article\" \/>\n<meta property=\"og:title\" content=\"Sanctuary Pass : num\u00e9ro 1 des boutiques de gym !\" \/>\n<meta property=\"og:description\" content=\"SANCTUARY Vous nous l\u2019aviez demand\u00e9. Nous l\u2019avons fait : les\u00a06 concepts\u00a0de Sanctuary s\u2019unissent pour vous offrir une exp\u00e9rience immersive unique. D\u00e9couvrez tous nos sanctuaires urbains d\u00e9di\u00e9s au sport plaisir,\u00a0o\u00f9 l\u00e2cher-prise est notre credo. Gr\u00e2ce \u00e0 notre application, r\u00e9servez en quelques clics\u00a0vos sessions dans nos 14 studios et vivez une routine bien-\u00eatre vari\u00e9e selon vos envies. [&hellip;]\" \/>\n<meta property=\"og:url\" content=\"https:\/\/www.poses-studio.com\/en\/sanctuary-pass\/\" \/>\n<meta property=\"og:site_name\" content=\"POSES Studio\" \/>\n<meta property=\"article:publisher\" content=\"https:\/\/www.facebook.com\/studiosposes\" \/>\n<meta property=\"article:modified_time\" content=\"2026-02-25T10:59:22+00:00\" \/>\n<meta property=\"og:image\" content=\"https:\/\/www.poses-studio.com\/wp-content\/uploads\/2022\/06\/SELECTION_100_POSES_HD-04861-scaled.jpg\" \/>\n\t<meta property=\"og:image:width\" content=\"1707\" \/>\n\t<meta property=\"og:image:height\" content=\"2560\" \/>\n\t<meta property=\"og:image:type\" content=\"image\/jpeg\" \/>\n<meta name=\"twitter:card\" content=\"summary_large_image\" \/>\n<meta name=\"twitter:label1\" content=\"Estimated reading time\" \/>\n\t<meta name=\"twitter:data1\" content=\"2 minutes\" \/>\n<script type=\"application\/ld+json\" class=\"yoast-schema-graph\">{\"@context\":\"https:\\\/\\\/schema.org\",\"@graph\":[{\"@type\":\"WebPage\",\"@id\":\"https:\\\/\\\/www.poses-studio.com\\\/sanctuary-pass\\\/\",\"url\":\"https:\\\/\\\/www.poses-studio.com\\\/sanctuary-pass\\\/\",\"name\":\"Sanctuary Pass : num\u00e9ro 1 des boutiques de gym !\",\"isPartOf\":{\"@id\":\"https:\\\/\\\/www.poses-studio.com\\\/#website\"},\"primaryImageOfPage\":{\"@id\":\"https:\\\/\\\/www.poses-studio.com\\\/sanctuary-pass\\\/#primaryimage\"},\"image\":{\"@id\":\"https:\\\/\\\/www.poses-studio.com\\\/sanctuary-pass\\\/#primaryimage\"},\"thumbnailUrl\":\"https:\\\/\\\/www.poses-studio.com\\\/wp-content\\\/uploads\\\/2022\\\/06\\\/SELECTION_100_POSES_HD-04861-scaled.jpg\",\"datePublished\":\"2024-04-19T08:11:20+00:00\",\"dateModified\":\"2026-02-25T10:59:22+00:00\",\"breadcrumb\":{\"@id\":\"https:\\\/\\\/www.poses-studio.com\\\/sanctuary-pass\\\/#breadcrumb\"},\"inLanguage\":\"en-GB\",\"potentialAction\":[{\"@type\":\"ReadAction\",\"target\":[\"https:\\\/\\\/www.poses-studio.com\\\/sanctuary-pass\\\/\"]}]},{\"@type\":\"ImageObject\",\"inLanguage\":\"en-GB\",\"@id\":\"https:\\\/\\\/www.poses-studio.com\\\/sanctuary-pass\\\/#primaryimage\",\"url\":\"https:\\\/\\\/www.poses-studio.com\\\/wp-content\\\/uploads\\\/2022\\\/06\\\/SELECTION_100_POSES_HD-04861-scaled.jpg\",\"contentUrl\":\"https:\\\/\\\/www.poses-studio.com\\\/wp-content\\\/uploads\\\/2022\\\/06\\\/SELECTION_100_POSES_HD-04861-scaled.jpg\",\"width\":1707,\"height\":2560},{\"@type\":\"BreadcrumbList\",\"@id\":\"https:\\\/\\\/www.poses-studio.com\\\/sanctuary-pass\\\/#breadcrumb\",\"itemListElement\":[{\"@type\":\"ListItem\",\"position\":1,\"name\":\"Accueil\",\"item\":\"https:\\\/\\\/www.poses-studio.com\\\/\"},{\"@type\":\"ListItem\",\"position\":2,\"name\":\"Sanctuary, the best fitness studio experiences\"}]},{\"@type\":\"WebSite\",\"@id\":\"https:\\\/\\\/www.poses-studio.com\\\/#website\",\"url\":\"https:\\\/\\\/www.poses-studio.com\\\/\",\"name\":\"POSES Studio\",\"description\":\"\",\"publisher\":{\"@id\":\"https:\\\/\\\/www.poses-studio.com\\\/#organization\"},\"potentialAction\":[{\"@type\":\"SearchAction\",\"target\":{\"@type\":\"EntryPoint\",\"urlTemplate\":\"https:\\\/\\\/www.poses-studio.com\\\/?s={search_term_string}\"},\"query-input\":{\"@type\":\"PropertyValueSpecification\",\"valueRequired\":true,\"valueName\":\"search_term_string\"}}],\"inLanguage\":\"en-GB\"},{\"@type\":\"Organization\",\"@id\":\"https:\\\/\\\/www.poses-studio.com\\\/#organization\",\"name\":\"Poses Yoga\",\"url\":\"https:\\\/\\\/www.poses-studio.com\\\/\",\"logo\":{\"@type\":\"ImageObject\",\"inLanguage\":\"en-GB\",\"@id\":\"https:\\\/\\\/www.poses-studio.com\\\/#\\\/schema\\\/logo\\\/image\\\/\",\"url\":\"https:\\\/\\\/www.poses-studio.com\\\/wp-content\\\/uploads\\\/2020\\\/10\\\/cropped-FAVICON.png\",\"contentUrl\":\"https:\\\/\\\/www.poses-studio.com\\\/wp-content\\\/uploads\\\/2020\\\/10\\\/cropped-FAVICON.png\",\"width\":512,\"height\":512,\"caption\":\"Poses Yoga\"},\"image\":{\"@id\":\"https:\\\/\\\/www.poses-studio.com\\\/#\\\/schema\\\/logo\\\/image\\\/\"},\"sameAs\":[\"https:\\\/\\\/www.facebook.com\\\/studiosposes\",\"https:\\\/\\\/www.instagram.com\\\/studioposes\\\/\",\"https:\\\/\\\/www.linkedin.com\\\/showcase\\\/poses-yoga-studio\\\/\"]}]}<\/script>\n<!-- \/ Yoast SEO plugin. -->","yoast_head_json":{"title":"Sanctuary Pass: number 1 gym shop!","robots":{"index":"index","follow":"follow","max-snippet":"max-snippet:-1","max-image-preview":"max-image-preview:large","max-video-preview":"max-video-preview:-1"},"canonical":"https:\/\/www.poses-studio.com\/en\/sanctuary-pass\/","og_locale":"en_GB","og_type":"article","og_title":"Sanctuary Pass : num\u00e9ro 1 des boutiques de gym !","og_description":"SANCTUARY Vous nous l\u2019aviez demand\u00e9. Nous l\u2019avons fait : les\u00a06 concepts\u00a0de Sanctuary s\u2019unissent pour vous offrir une exp\u00e9rience immersive unique. D\u00e9couvrez tous nos sanctuaires urbains d\u00e9di\u00e9s au sport plaisir,\u00a0o\u00f9 l\u00e2cher-prise est notre credo. Gr\u00e2ce \u00e0 notre application, r\u00e9servez en quelques clics\u00a0vos sessions dans nos 14 studios et vivez une routine bien-\u00eatre vari\u00e9e selon vos envies. [&hellip;]","og_url":"https:\/\/www.poses-studio.com\/en\/sanctuary-pass\/","og_site_name":"POSES Studio","article_publisher":"https:\/\/www.facebook.com\/studiosposes","article_modified_time":"2026-02-25T10:59:22+00:00","og_image":[{"width":1707,"height":2560,"url":"https:\/\/www.poses-studio.com\/wp-content\/uploads\/2022\/06\/SELECTION_100_POSES_HD-04861-scaled.jpg","type":"image\/jpeg"}],"twitter_card":"summary_large_image","twitter_misc":{"Estimated reading time":"2 minutes"},"schema":{"@context":"https:\/\/schema.org","@graph":[{"@type":"WebPage","@id":"https:\/\/www.poses-studio.com\/sanctuary-pass\/","url":"https:\/\/www.poses-studio.com\/sanctuary-pass\/","name":"Sanctuary Pass: number 1 gym shop!","isPartOf":{"@id":"https:\/\/www.poses-studio.com\/#website"},"primaryImageOfPage":{"@id":"https:\/\/www.poses-studio.com\/sanctuary-pass\/#primaryimage"},"image":{"@id":"https:\/\/www.poses-studio.com\/sanctuary-pass\/#primaryimage"},"thumbnailUrl":"https:\/\/www.poses-studio.com\/wp-content\/uploads\/2022\/06\/SELECTION_100_POSES_HD-04861-scaled.jpg","datePublished":"2024-04-19T08:11:20+00:00","dateModified":"2026-02-25T10:59:22+00:00","breadcrumb":{"@id":"https:\/\/www.poses-studio.com\/sanctuary-pass\/#breadcrumb"},"inLanguage":"en-GB","potentialAction":[{"@type":"ReadAction","target":["https:\/\/www.poses-studio.com\/sanctuary-pass\/"]}]},{"@type":"ImageObject","inLanguage":"en-GB","@id":"https:\/\/www.poses-studio.com\/sanctuary-pass\/#primaryimage","url":"https:\/\/www.poses-studio.com\/wp-content\/uploads\/2022\/06\/SELECTION_100_POSES_HD-04861-scaled.jpg","contentUrl":"https:\/\/www.poses-studio.com\/wp-content\/uploads\/2022\/06\/SELECTION_100_POSES_HD-04861-scaled.jpg","width":1707,"height":2560},{"@type":"BreadcrumbList","@id":"https:\/\/www.poses-studio.com\/sanctuary-pass\/#breadcrumb","itemListElement":[{"@type":"ListItem","position":1,"name":"Accueil","item":"https:\/\/www.poses-studio.com\/"},{"@type":"ListItem","position":2,"name":"Sanctuary, the best fitness studio experiences"}]},{"@type":"WebSite","@id":"https:\/\/www.poses-studio.com\/#website","url":"https:\/\/www.poses-studio.com\/","name":"Studio POSES","description":"","publisher":{"@id":"https:\/\/www.poses-studio.com\/#organization"},"potentialAction":[{"@type":"SearchAction","target":{"@type":"EntryPoint","urlTemplate":"https:\/\/www.poses-studio.com\/?s={search_term_string}"},"query-input":{"@type":"PropertyValueSpecification","valueRequired":true,"valueName":"search_term_string"}}],"inLanguage":"en-GB"},{"@type":"Organization","@id":"https:\/\/www.poses-studio.com\/#organization","name":"Yoga Poses","url":"https:\/\/www.poses-studio.com\/","logo":{"@type":"ImageObject","inLanguage":"en-GB","@id":"https:\/\/www.poses-studio.com\/#\/schema\/logo\/image\/","url":"https:\/\/www.poses-studio.com\/wp-content\/uploads\/2020\/10\/cropped-FAVICON.png","contentUrl":"https:\/\/www.poses-studio.com\/wp-content\/uploads\/2020\/10\/cropped-FAVICON.png","width":512,"height":512,"caption":"Poses Yoga"},"image":{"@id":"https:\/\/www.poses-studio.com\/#\/schema\/logo\/image\/"},"sameAs":["https:\/\/www.facebook.com\/studiosposes","https:\/\/www.instagram.com\/studioposes\/","https:\/\/www.linkedin.com\/showcase\/poses-yoga-studio\/"]}]}},"jetpack_sharing_enabled":true,"_links":{"self":[{"href":"https:\/\/www.poses-studio.com\/en\/wp-json\/wp\/v2\/pages\/15120","targetHints":{"allow":["GET"]}}],"collection":[{"href":"https:\/\/www.poses-studio.com\/en\/wp-json\/wp\/v2\/pages"}],"about":[{"href":"https:\/\/www.poses-studio.com\/en\/wp-json\/wp\/v2\/types\/page"}],"author":[{"embeddable":true,"href":"https:\/\/www.poses-studio.com\/en\/wp-json\/wp\/v2\/users\/14"}],"replies":[{"embeddable":true,"href":"https:\/\/www.poses-studio.com\/en\/wp-json\/wp\/v2\/comments?post=15120"}],"version-history":[{"count":3,"href":"https:\/\/www.poses-studio.com\/en\/wp-json\/wp\/v2\/pages\/15120\/revisions"}],"predecessor-version":[{"id":23099,"href":"https:\/\/www.poses-studio.com\/en\/wp-json\/wp\/v2\/pages\/15120\/revisions\/23099"}],"wp:featuredmedia":[{"embeddable":true,"href":"https:\/\/www.poses-studio.com\/en\/wp-json\/wp\/v2\/media\/4741"}],"wp:attachment":[{"href":"https:\/\/www.poses-studio.com\/en\/wp-json\/wp\/v2\/media?parent=15120"}],"curies":[{"name":"wp","href":"https:\/\/api.w.org\/{rel}","templated":true}]}}