{"id":16070,"date":"2024-06-27T16:20:06","date_gmt":"2024-06-27T14:20:06","guid":{"rendered":"https:\/\/www.poses-studio.com\/?page_id=16070"},"modified":"2026-01-23T10:48:03","modified_gmt":"2026-01-23T09:48:03","slug":"lexi","status":"publish","type":"page","link":"https:\/\/www.poses-studio.com\/en\/coaches\/lexi\/","title":{"rendered":"Lexi"},"content":{"rendered":"<div data-elementor-type=\"wp-page\" data-elementor-id=\"16070\" class=\"elementor elementor-16070\" data-elementor-post-type=\"page\">\n\t\t\t\t\t\t<section class=\"has_eae_slider elementor-section elementor-top-section elementor-element elementor-element-db0116c elementor-reverse-mobile elementor-section-boxed elementor-section-height-default elementor-section-height-default\" data-eae-slider=\"33354\" data-id=\"db0116c\" data-element_type=\"section\" data-e-type=\"section\">\n\t\t\t\t\t\t<div class=\"elementor-container elementor-column-gap-wider\">\n\t\t\t\t\t<div class=\"has_eae_slider elementor-column elementor-col-50 elementor-top-column elementor-element elementor-element-06c7792\" data-eae-slider=\"80183\" data-id=\"06c7792\" data-element_type=\"column\" data-e-type=\"column\">\n\t\t\t<div class=\"elementor-widget-wrap elementor-element-populated\">\n\t\t\t\t\t\t<section class=\"has_eae_slider elementor-section elementor-inner-section elementor-element elementor-element-7bca5d3 elementor-section-boxed elementor-section-height-default elementor-section-height-default\" data-eae-slider=\"64672\" data-id=\"7bca5d3\" data-element_type=\"section\" data-e-type=\"section\">\n\t\t\t\t\t\t<div class=\"elementor-container elementor-column-gap-default\">\n\t\t\t\t\t<div class=\"has_eae_slider elementor-column elementor-col-50 elementor-inner-column elementor-element elementor-element-4c1b3f6\" data-eae-slider=\"30435\" data-id=\"4c1b3f6\" data-element_type=\"column\" data-e-type=\"column\" id=\"mynameis\" data-settings=\"{&quot;background_background&quot;:&quot;classic&quot;}\">\n\t\t\t<div class=\"elementor-widget-wrap elementor-element-populated\">\n\t\t\t\t\t\t<div class=\"elementor-element elementor-element-d81cc77 elementor-widget elementor-widget-heading\" data-id=\"d81cc77\" data-element_type=\"widget\" data-e-type=\"widget\" data-widget_type=\"heading.default\">\n\t\t\t\t<div class=\"elementor-widget-container\">\n\t\t\t\t\t<h1 class=\"elementor-heading-title elementor-size-default\">Lexi<\/h1>\t\t\t\t<\/div>\n\t\t\t\t<\/div>\n\t\t\t\t\t<\/div>\n\t\t<\/div>\n\t\t\t\t<div class=\"has_eae_slider elementor-column elementor-col-50 elementor-inner-column elementor-element elementor-element-84cadea\" data-eae-slider=\"78677\" data-id=\"84cadea\" data-element_type=\"column\" data-e-type=\"column\">\n\t\t\t<div class=\"elementor-widget-wrap elementor-element-populated\">\n\t\t\t\t\t\t<div class=\"elementor-element elementor-element-38eea44 elementor-widget__width-auto elementor-view-default elementor-widget elementor-widget-icon\" data-id=\"38eea44\" data-element_type=\"widget\" data-e-type=\"widget\" data-widget_type=\"icon.default\">\n\t\t\t\t<div class=\"elementor-widget-container\">\n\t\t\t\t\t\t\t<div class=\"elementor-icon-wrapper\">\n\t\t\t<a class=\"elementor-icon\" href=\"https:\/\/www.instagram.com\/lexibis?igsh=bHEzeGxhNGpjcG9q\" target=\"_blank\">\n\t\t\t<i aria-hidden=\"true\" class=\"fab fa-instagram\"><\/i>\t\t\t<\/a>\n\t\t<\/div>\n\t\t\t\t\t\t<\/div>\n\t\t\t\t<\/div>\n\t\t\t\t<div class=\"elementor-element elementor-element-a58d187 elementor-widget__width-auto elementor-widget elementor-widget-heading\" data-id=\"a58d187\" data-element_type=\"widget\" data-e-type=\"widget\" data-widget_type=\"heading.default\">\n\t\t\t\t<div class=\"elementor-widget-container\">\n\t\t\t\t\t<p class=\"elementor-heading-title elementor-size-default\"><a href=\"https:\/\/www.instagram.com\/lexibis?igsh=bHEzeGxhNGpjcG9q\" target=\"_blank\">@lexibis<\/a><\/p>\t\t\t\t<\/div>\n\t\t\t\t<\/div>\n\t\t\t\t\t<\/div>\n\t\t<\/div>\n\t\t\t\t\t<\/div>\n\t\t<\/section>\n\t\t\t\t<div class=\"elementor-element elementor-element-f1bc03f elementor-widget elementor-widget-text-editor\" data-id=\"f1bc03f\" data-element_type=\"widget\" data-e-type=\"widget\" data-widget_type=\"text-editor.default\">\n\t\t\t\t<div class=\"elementor-widget-container\">\n\t\t\t\t\t\t\t\t\t<div dir=\"auto\">Lexi has been a coach for 4 years now. Personal but also fitness coach, she is versatile and has several specialties: muscle strengthening, HIIT and yoga.<br><br> Its aim? To get as many people as possible moving, all bodies, all profiles, whether flexible or not. For Lexi, having fun, relaxing and letting go are paramount. Accepting and embracing the process is part of the practice!<br><br> She likes to remind her students that some things take time, but that it remains useful and above all fun.<\/div>\t\t\t\t\t\t\t\t<\/div>\n\t\t\t\t<\/div>\n\t\t\t\t<div class=\"elementor-element elementor-element-24e17e6 elementor-align-left anim-btn elementor-widget elementor-widget-button\" data-id=\"24e17e6\" data-element_type=\"widget\" data-e-type=\"widget\" id=\"btn-coach\" data-widget_type=\"button.default\">\n\t\t\t\t<div class=\"elementor-widget-container\">\n\t\t\t\t\t\t\t\t\t<div class=\"elementor-button-wrapper\">\n\t\t\t\t\t<a class=\"elementor-button elementor-button-link elementor-size-sm\" href=\"https:\/\/www.poses-studio.com\/en\/coaches\/lexi\/lexi-planning\/\">\n\t\t\t\t\t\t<span class=\"elementor-button-content-wrapper\">\n\t\t\t\t\t\t<span class=\"elementor-button-icon\">\n\t\t\t\t<i aria-hidden=\"true\" class=\"fas fa-long-arrow-alt-right\"><\/i>\t\t\t<\/span>\n\t\t\t\t\t\t\t\t\t<span class=\"elementor-button-text\">Book a session with Lexi<\/span>\n\t\t\t\t\t<\/span>\n\t\t\t\t\t<\/a>\n\t\t\t\t<\/div>\n\t\t\t\t\t\t\t\t<\/div>\n\t\t\t\t<\/div>\n\t\t\t\t\t<\/div>\n\t\t<\/div>\n\t\t\t\t<div class=\"has_eae_slider elementor-column elementor-col-50 elementor-top-column elementor-element elementor-element-57c6591\" data-eae-slider=\"65948\" data-id=\"57c6591\" data-element_type=\"column\" data-e-type=\"column\">\n\t\t\t<div class=\"elementor-widget-wrap elementor-element-populated\">\n\t\t\t\t\t\t<div class=\"elementor-element elementor-element-93c7858 elementor-widget elementor-widget-image\" data-id=\"93c7858\" data-element_type=\"widget\" data-e-type=\"widget\" data-widget_type=\"image.default\">\n\t\t\t\t<div class=\"elementor-widget-container\">\n\t\t\t\t\t\t\t\t\t\t\t\t\t\t\t<img fetchpriority=\"high\" decoding=\"async\" width=\"768\" height=\"1024\" src=\"https:\/\/www.poses-studio.com\/wp-content\/uploads\/2024\/07\/LEXIE-PAGE-IND-1-768x1024.png\" class=\"attachment-large size-large wp-image-16212\" alt=\"\" srcset=\"https:\/\/www.poses-studio.com\/wp-content\/uploads\/2024\/07\/LEXIE-PAGE-IND-1-768x1023.png 768w, https:\/\/www.poses-studio.com\/wp-content\/uploads\/2024\/07\/LEXIE-PAGE-IND-1-225x300.png 225w, https:\/\/www.poses-studio.com\/wp-content\/uploads\/2024\/07\/LEXIE-PAGE-IND-1-1153x1536.png 1153w\" sizes=\"(max-width: 768px) 100vw, 768px\" \/>\t\t\t\t\t\t\t\t\t\t\t\t\t\t\t<\/div>\n\t\t\t\t<\/div>\n\t\t\t\t\t<\/div>\n\t\t<\/div>\n\t\t\t\t\t<\/div>\n\t\t<\/section>\n\t\t\t\t<section class=\"has_eae_slider elementor-section elementor-top-section elementor-element elementor-element-8183c10 elementor-section-full_width elementor-section-height-default elementor-section-height-default\" data-eae-slider=\"15678\" data-id=\"8183c10\" data-element_type=\"section\" data-e-type=\"section\">\n\t\t\t\t\t\t<div class=\"elementor-container elementor-column-gap-default\">\n\t\t\t\t\t<div class=\"has_eae_slider elementor-column elementor-col-100 elementor-top-column elementor-element elementor-element-ce162ed\" data-eae-slider=\"55807\" data-id=\"ce162ed\" data-element_type=\"column\" data-e-type=\"column\">\n\t\t\t<div class=\"elementor-widget-wrap elementor-element-populated\">\n\t\t\t\t\t\t<div class=\"elementor-element elementor-element-e24cfd8 titre-margin-neg elementor-widget elementor-widget-heading\" data-id=\"e24cfd8\" data-element_type=\"widget\" data-e-type=\"widget\" data-widget_type=\"heading.default\">\n\t\t\t\t<div class=\"elementor-widget-container\">\n\t\t\t\t\t<h3 class=\"elementor-heading-title elementor-size-default\">Favorite albums<\/h3>\t\t\t\t<\/div>\n\t\t\t\t<\/div>\n\t\t\t\t<section class=\"has_eae_slider elementor-section elementor-inner-section elementor-element elementor-element-57a4461 elementor-section-boxed elementor-section-height-default elementor-section-height-default\" data-eae-slider=\"45350\" data-id=\"57a4461\" data-element_type=\"section\" data-e-type=\"section\">\n\t\t\t\t\t\t<div class=\"elementor-container elementor-column-gap-default\">\n\t\t\t\t\t<div class=\"has_eae_slider elementor-column elementor-col-100 elementor-inner-column elementor-element elementor-element-c363e42\" data-eae-slider=\"3810\" data-id=\"c363e42\" data-element_type=\"column\" data-e-type=\"column\">\n\t\t\t<div class=\"elementor-widget-wrap elementor-element-populated\">\n\t\t\t\t\t\t<div class=\"elementor-element elementor-element-4cdd29b elementor-widget__width-auto elementor-widget elementor-widget-image\" data-id=\"4cdd29b\" data-element_type=\"widget\" data-e-type=\"widget\" data-widget_type=\"image.default\">\n\t\t\t\t<div class=\"elementor-widget-container\">\n\t\t\t\t\t\t\t\t\t\t\t\t\t\t\t\t<a href=\"https:\/\/open.spotify.com\/intl-fr\/album\/3mH6qwIy9crq0I9YQbOuDf?si=372c7820851d424d\" target=\"_blank\">\n\t\t\t\t\t\t\t<img decoding=\"async\" width=\"150\" height=\"150\" src=\"https:\/\/www.poses-studio.com\/wp-content\/uploads\/2024\/06\/Lexi-frank-ocean-150x150.jpeg\" class=\"attachment-thumbnail size-thumbnail wp-image-16091\" alt=\"\" srcset=\"https:\/\/www.poses-studio.com\/wp-content\/uploads\/2024\/06\/Lexi-frank-ocean-150x150.jpeg 150w, https:\/\/www.poses-studio.com\/wp-content\/uploads\/2024\/06\/Lexi-frank-ocean.jpeg 225w\" sizes=\"(max-width: 150px) 100vw, 150px\" \/>\t\t\t\t\t\t\t\t<\/a>\n\t\t\t\t\t\t\t\t\t\t\t\t\t\t\t<\/div>\n\t\t\t\t<\/div>\n\t\t\t\t<div class=\"elementor-element elementor-element-98dfae2 elementor-widget__width-auto elementor-widget elementor-widget-image\" data-id=\"98dfae2\" data-element_type=\"widget\" data-e-type=\"widget\" data-widget_type=\"image.default\">\n\t\t\t\t<div class=\"elementor-widget-container\">\n\t\t\t\t\t\t\t\t\t\t\t\t\t\t\t\t<a href=\"https:\/\/open.spotify.com\/intl-fr\/album\/7dE9Pf7HRgMOCeVSWnA9ZC?si=2c5303ccd2064fab\" target=\"_blank\">\n\t\t\t\t\t\t\t<img decoding=\"async\" width=\"150\" height=\"150\" src=\"https:\/\/www.poses-studio.com\/wp-content\/uploads\/2024\/06\/Lexi-album-2-150x150.jpeg\" class=\"attachment-thumbnail size-thumbnail wp-image-16090\" alt=\"\" srcset=\"https:\/\/www.poses-studio.com\/wp-content\/uploads\/2024\/06\/Lexi-album-2-150x150.jpeg 150w, https:\/\/www.poses-studio.com\/wp-content\/uploads\/2024\/06\/Lexi-album-2.jpeg 225w\" sizes=\"(max-width: 150px) 100vw, 150px\" \/>\t\t\t\t\t\t\t\t<\/a>\n\t\t\t\t\t\t\t\t\t\t\t\t\t\t\t<\/div>\n\t\t\t\t<\/div>\n\t\t\t\t<div class=\"elementor-element elementor-element-08d393b elementor-widget__width-auto elementor-widget elementor-widget-image\" data-id=\"08d393b\" data-element_type=\"widget\" data-e-type=\"widget\" data-widget_type=\"image.default\">\n\t\t\t\t<div class=\"elementor-widget-container\">\n\t\t\t\t\t\t\t\t\t\t\t\t\t\t\t\t<a href=\"https:\/\/open.spotify.com\/intl-fr\/album\/2sU8ByeYc5BOBFNDr58CGV?si=d872cf0c495f46eb\" target=\"_blank\">\n\t\t\t\t\t\t\t<img loading=\"lazy\" decoding=\"async\" width=\"150\" height=\"150\" src=\"https:\/\/www.poses-studio.com\/wp-content\/uploads\/2024\/06\/Lexi-album-3-150x150.jpeg\" class=\"attachment-thumbnail size-thumbnail wp-image-16089\" alt=\"\" srcset=\"https:\/\/www.poses-studio.com\/wp-content\/uploads\/2024\/06\/Lexi-album-3-150x150.jpeg 150w, https:\/\/www.poses-studio.com\/wp-content\/uploads\/2024\/06\/Lexi-album-3.jpeg 225w\" sizes=\"(max-width: 150px) 100vw, 150px\" \/>\t\t\t\t\t\t\t\t<\/a>\n\t\t\t\t\t\t\t\t\t\t\t\t\t\t\t<\/div>\n\t\t\t\t<\/div>\n\t\t\t\t\t<\/div>\n\t\t<\/div>\n\t\t\t\t\t<\/div>\n\t\t<\/section>\n\t\t\t\t\t<\/div>\n\t\t<\/div>\n\t\t\t\t\t<\/div>\n\t\t<\/section>\n\t\t\t\t<\/div>","protected":false},"excerpt":{"rendered":"<p>Lexi @lexibis Lexi est coach depuis maintenant 4 ans. Coach personnelle mais aussi de fitness, elle est polyvalente et poss\u00e8de plusieurs sp\u00e9cialit\u00e9s : le renforcement musculaire, le HIIT et le yoga. Son but ? Faire bouger le plus de personnes possible, tous les corps, tous les profils, qu&rsquo;ils soient flexibles ou non. Pour Lexi, s&rsquo;amuser, [&hellip;]<\/p>\n","protected":false},"author":19,"featured_media":16208,"parent":10,"menu_order":0,"comment_status":"closed","ping_status":"closed","template":"","meta":{"_acf_changed":false,"footnotes":""},"class_list":["post-16070","page","type-page","status-publish","has-post-thumbnail","hentry"],"acf":[],"yoast_head":"<!-- This site is optimized with the Yoast SEO plugin v27.3 - https:\/\/yoast.com\/product\/yoast-seo-wordpress\/ -->\n<title>Let it Flow with Lexi - POSES Studio - Yoga, Pilates<\/title>\n<meta name=\"description\" content=\"D\u00e9couvrez notre coach Lexi ! Son but ? Faire bouger le plus de personnes possible, tous les corps, tous les profils, qu&#039;ils soient flexibles ou non. R\u00e9servez vite votre session avec elle !\" \/>\n<meta name=\"robots\" content=\"index, follow, max-snippet:-1, max-image-preview:large, max-video-preview:-1\" \/>\n<link rel=\"canonical\" href=\"https:\/\/www.poses-studio.com\/en\/coaches\/lexi\/\" \/>\n<meta property=\"og:locale\" content=\"en_GB\" \/>\n<meta property=\"og:type\" content=\"article\" \/>\n<meta property=\"og:title\" content=\"Let it Flow with Lexi - POSES Studio - Yoga, Pilates\" \/>\n<meta property=\"og:description\" content=\"D\u00e9couvrez notre coach Lexi ! Son but ? Faire bouger le plus de personnes possible, tous les corps, tous les profils, qu&#039;ils soient flexibles ou non. R\u00e9servez vite votre session avec elle !\" \/>\n<meta property=\"og:url\" content=\"https:\/\/www.poses-studio.com\/en\/coaches\/lexi\/\" \/>\n<meta property=\"og:site_name\" content=\"POSES Studio\" \/>\n<meta property=\"article:publisher\" content=\"https:\/\/www.facebook.com\/studiosposes\" \/>\n<meta property=\"article:modified_time\" content=\"2026-01-23T09:48:03+00:00\" \/>\n<meta property=\"og:image\" content=\"https:\/\/www.poses-studio.com\/wp-content\/uploads\/2024\/07\/LEXIE-PG-COACH-683x1024.png\" \/>\n\t<meta property=\"og:image:width\" content=\"683\" \/>\n\t<meta property=\"og:image:height\" content=\"1024\" \/>\n\t<meta property=\"og:image:type\" content=\"image\/png\" \/>\n<meta name=\"twitter:card\" content=\"summary_large_image\" \/>\n<meta name=\"twitter:label1\" content=\"Estimated reading time\" \/>\n\t<meta name=\"twitter:data1\" content=\"2 minutes\" \/>\n<script type=\"application\/ld+json\" class=\"yoast-schema-graph\">{\"@context\":\"https:\\\/\\\/schema.org\",\"@graph\":[{\"@type\":\"WebPage\",\"@id\":\"https:\\\/\\\/www.poses-studio.com\\\/coachs\\\/lexi\\\/\",\"url\":\"https:\\\/\\\/www.poses-studio.com\\\/coachs\\\/lexi\\\/\",\"name\":\"Let it Flow with Lexi - POSES Studio - Yoga, Pilates\",\"isPartOf\":{\"@id\":\"https:\\\/\\\/www.poses-studio.com\\\/#website\"},\"primaryImageOfPage\":{\"@id\":\"https:\\\/\\\/www.poses-studio.com\\\/coachs\\\/lexi\\\/#primaryimage\"},\"image\":{\"@id\":\"https:\\\/\\\/www.poses-studio.com\\\/coachs\\\/lexi\\\/#primaryimage\"},\"thumbnailUrl\":\"https:\\\/\\\/www.poses-studio.com\\\/wp-content\\\/uploads\\\/2024\\\/07\\\/LEXIE-PG-COACH.png\",\"datePublished\":\"2024-06-27T14:20:06+00:00\",\"dateModified\":\"2026-01-23T09:48:03+00:00\",\"description\":\"D\u00e9couvrez notre coach Lexi ! Son but ? Faire bouger le plus de personnes possible, tous les corps, tous les profils, qu'ils soient flexibles ou non. R\u00e9servez vite votre session avec elle !\",\"breadcrumb\":{\"@id\":\"https:\\\/\\\/www.poses-studio.com\\\/coachs\\\/lexi\\\/#breadcrumb\"},\"inLanguage\":\"en-GB\",\"potentialAction\":[{\"@type\":\"ReadAction\",\"target\":[\"https:\\\/\\\/www.poses-studio.com\\\/coachs\\\/lexi\\\/\"]}]},{\"@type\":\"ImageObject\",\"inLanguage\":\"en-GB\",\"@id\":\"https:\\\/\\\/www.poses-studio.com\\\/coachs\\\/lexi\\\/#primaryimage\",\"url\":\"https:\\\/\\\/www.poses-studio.com\\\/wp-content\\\/uploads\\\/2024\\\/07\\\/LEXIE-PG-COACH.png\",\"contentUrl\":\"https:\\\/\\\/www.poses-studio.com\\\/wp-content\\\/uploads\\\/2024\\\/07\\\/LEXIE-PG-COACH.png\",\"width\":2560,\"height\":3839},{\"@type\":\"BreadcrumbList\",\"@id\":\"https:\\\/\\\/www.poses-studio.com\\\/coachs\\\/lexi\\\/#breadcrumb\",\"itemListElement\":[{\"@type\":\"ListItem\",\"position\":1,\"name\":\"Accueil\",\"item\":\"https:\\\/\\\/www.poses-studio.com\\\/\"},{\"@type\":\"ListItem\",\"position\":2,\"name\":\"Coachs\",\"item\":\"https:\\\/\\\/www.poses-studio.com\\\/coachs\\\/\"},{\"@type\":\"ListItem\",\"position\":3,\"name\":\"Lexi\"}]},{\"@type\":\"WebSite\",\"@id\":\"https:\\\/\\\/www.poses-studio.com\\\/#website\",\"url\":\"https:\\\/\\\/www.poses-studio.com\\\/\",\"name\":\"POSES Studio\",\"description\":\"\",\"publisher\":{\"@id\":\"https:\\\/\\\/www.poses-studio.com\\\/#organization\"},\"potentialAction\":[{\"@type\":\"SearchAction\",\"target\":{\"@type\":\"EntryPoint\",\"urlTemplate\":\"https:\\\/\\\/www.poses-studio.com\\\/?s={search_term_string}\"},\"query-input\":{\"@type\":\"PropertyValueSpecification\",\"valueRequired\":true,\"valueName\":\"search_term_string\"}}],\"inLanguage\":\"en-GB\"},{\"@type\":\"Organization\",\"@id\":\"https:\\\/\\\/www.poses-studio.com\\\/#organization\",\"name\":\"Poses Yoga\",\"url\":\"https:\\\/\\\/www.poses-studio.com\\\/\",\"logo\":{\"@type\":\"ImageObject\",\"inLanguage\":\"en-GB\",\"@id\":\"https:\\\/\\\/www.poses-studio.com\\\/#\\\/schema\\\/logo\\\/image\\\/\",\"url\":\"https:\\\/\\\/www.poses-studio.com\\\/wp-content\\\/uploads\\\/2020\\\/10\\\/cropped-FAVICON.png\",\"contentUrl\":\"https:\\\/\\\/www.poses-studio.com\\\/wp-content\\\/uploads\\\/2020\\\/10\\\/cropped-FAVICON.png\",\"width\":512,\"height\":512,\"caption\":\"Poses Yoga\"},\"image\":{\"@id\":\"https:\\\/\\\/www.poses-studio.com\\\/#\\\/schema\\\/logo\\\/image\\\/\"},\"sameAs\":[\"https:\\\/\\\/www.facebook.com\\\/studiosposes\",\"https:\\\/\\\/www.instagram.com\\\/studioposes\\\/\",\"https:\\\/\\\/www.linkedin.com\\\/showcase\\\/poses-yoga-studio\\\/\"]}]}<\/script>\n<!-- \/ Yoast SEO plugin. -->","yoast_head_json":{"title":"Let it Flow with Lexi - POSES Studio - Yoga, Pilates","description":"Meet our coach Lexi! Her aim? To get as many people as possible moving, in all shapes and sizes, whether they're flexible or not. Book your session with her now!","robots":{"index":"index","follow":"follow","max-snippet":"max-snippet:-1","max-image-preview":"max-image-preview:large","max-video-preview":"max-video-preview:-1"},"canonical":"https:\/\/www.poses-studio.com\/en\/coaches\/lexi\/","og_locale":"en_GB","og_type":"article","og_title":"Let it Flow with Lexi - POSES Studio - Yoga, Pilates","og_description":"D\u00e9couvrez notre coach Lexi ! Son but ? Faire bouger le plus de personnes possible, tous les corps, tous les profils, qu'ils soient flexibles ou non. R\u00e9servez vite votre session avec elle !","og_url":"https:\/\/www.poses-studio.com\/en\/coaches\/lexi\/","og_site_name":"POSES Studio","article_publisher":"https:\/\/www.facebook.com\/studiosposes","article_modified_time":"2026-01-23T09:48:03+00:00","og_image":[{"width":683,"height":1024,"url":"https:\/\/www.poses-studio.com\/wp-content\/uploads\/2024\/07\/LEXIE-PG-COACH-683x1024.png","type":"image\/png"}],"twitter_card":"summary_large_image","twitter_misc":{"Estimated reading time":"2 minutes"},"schema":{"@context":"https:\/\/schema.org","@graph":[{"@type":"WebPage","@id":"https:\/\/www.poses-studio.com\/coachs\/lexi\/","url":"https:\/\/www.poses-studio.com\/coachs\/lexi\/","name":"Let it Flow with Lexi - POSES Studio - Yoga, Pilates","isPartOf":{"@id":"https:\/\/www.poses-studio.com\/#website"},"primaryImageOfPage":{"@id":"https:\/\/www.poses-studio.com\/coachs\/lexi\/#primaryimage"},"image":{"@id":"https:\/\/www.poses-studio.com\/coachs\/lexi\/#primaryimage"},"thumbnailUrl":"https:\/\/www.poses-studio.com\/wp-content\/uploads\/2024\/07\/LEXIE-PG-COACH.png","datePublished":"2024-06-27T14:20:06+00:00","dateModified":"2026-01-23T09:48:03+00:00","description":"Meet our coach Lexi! Her aim? To get as many people as possible moving, in all shapes and sizes, whether they're flexible or not. Book your session with her now!","breadcrumb":{"@id":"https:\/\/www.poses-studio.com\/coachs\/lexi\/#breadcrumb"},"inLanguage":"en-GB","potentialAction":[{"@type":"ReadAction","target":["https:\/\/www.poses-studio.com\/coachs\/lexi\/"]}]},{"@type":"ImageObject","inLanguage":"en-GB","@id":"https:\/\/www.poses-studio.com\/coachs\/lexi\/#primaryimage","url":"https:\/\/www.poses-studio.com\/wp-content\/uploads\/2024\/07\/LEXIE-PG-COACH.png","contentUrl":"https:\/\/www.poses-studio.com\/wp-content\/uploads\/2024\/07\/LEXIE-PG-COACH.png","width":2560,"height":3839},{"@type":"BreadcrumbList","@id":"https:\/\/www.poses-studio.com\/coachs\/lexi\/#breadcrumb","itemListElement":[{"@type":"ListItem","position":1,"name":"Accueil","item":"https:\/\/www.poses-studio.com\/"},{"@type":"ListItem","position":2,"name":"Coachs","item":"https:\/\/www.poses-studio.com\/coachs\/"},{"@type":"ListItem","position":3,"name":"Lexi"}]},{"@type":"WebSite","@id":"https:\/\/www.poses-studio.com\/#website","url":"https:\/\/www.poses-studio.com\/","name":"Studio POSES","description":"","publisher":{"@id":"https:\/\/www.poses-studio.com\/#organization"},"potentialAction":[{"@type":"SearchAction","target":{"@type":"EntryPoint","urlTemplate":"https:\/\/www.poses-studio.com\/?s={search_term_string}"},"query-input":{"@type":"PropertyValueSpecification","valueRequired":true,"valueName":"search_term_string"}}],"inLanguage":"en-GB"},{"@type":"Organization","@id":"https:\/\/www.poses-studio.com\/#organization","name":"Yoga Poses","url":"https:\/\/www.poses-studio.com\/","logo":{"@type":"ImageObject","inLanguage":"en-GB","@id":"https:\/\/www.poses-studio.com\/#\/schema\/logo\/image\/","url":"https:\/\/www.poses-studio.com\/wp-content\/uploads\/2020\/10\/cropped-FAVICON.png","contentUrl":"https:\/\/www.poses-studio.com\/wp-content\/uploads\/2020\/10\/cropped-FAVICON.png","width":512,"height":512,"caption":"Poses Yoga"},"image":{"@id":"https:\/\/www.poses-studio.com\/#\/schema\/logo\/image\/"},"sameAs":["https:\/\/www.facebook.com\/studiosposes","https:\/\/www.instagram.com\/studioposes\/","https:\/\/www.linkedin.com\/showcase\/poses-yoga-studio\/"]}]}},"jetpack_sharing_enabled":true,"_links":{"self":[{"href":"https:\/\/www.poses-studio.com\/en\/wp-json\/wp\/v2\/pages\/16070","targetHints":{"allow":["GET"]}}],"collection":[{"href":"https:\/\/www.poses-studio.com\/en\/wp-json\/wp\/v2\/pages"}],"about":[{"href":"https:\/\/www.poses-studio.com\/en\/wp-json\/wp\/v2\/types\/page"}],"author":[{"embeddable":true,"href":"https:\/\/www.poses-studio.com\/en\/wp-json\/wp\/v2\/users\/19"}],"replies":[{"embeddable":true,"href":"https:\/\/www.poses-studio.com\/en\/wp-json\/wp\/v2\/comments?post=16070"}],"version-history":[{"count":3,"href":"https:\/\/www.poses-studio.com\/en\/wp-json\/wp\/v2\/pages\/16070\/revisions"}],"predecessor-version":[{"id":16215,"href":"https:\/\/www.poses-studio.com\/en\/wp-json\/wp\/v2\/pages\/16070\/revisions\/16215"}],"up":[{"embeddable":true,"href":"https:\/\/www.poses-studio.com\/en\/wp-json\/wp\/v2\/pages\/10"}],"wp:featuredmedia":[{"embeddable":true,"href":"https:\/\/www.poses-studio.com\/en\/wp-json\/wp\/v2\/media\/16208"}],"wp:attachment":[{"href":"https:\/\/www.poses-studio.com\/en\/wp-json\/wp\/v2\/media?parent=16070"}],"curies":[{"name":"wp","href":"https:\/\/api.w.org\/{rel}","templated":true}]}}