{"id":16726,"date":"2024-09-04T16:25:48","date_gmt":"2024-09-04T14:25:48","guid":{"rendered":"https:\/\/www.poses-studio.com\/?page_id=16726"},"modified":"2026-01-23T11:40:05","modified_gmt":"2026-01-23T10:40:05","slug":"morgan","status":"publish","type":"page","link":"https:\/\/www.poses-studio.com\/en\/coaches\/morgan\/","title":{"rendered":"Morgane"},"content":{"rendered":"<div data-elementor-type=\"wp-page\" data-elementor-id=\"16726\" class=\"elementor elementor-16726\" data-elementor-post-type=\"page\">\n\t\t\t\t\t\t<section class=\"has_eae_slider elementor-section elementor-top-section elementor-element elementor-element-db0116c elementor-reverse-mobile elementor-section-boxed elementor-section-height-default elementor-section-height-default\" data-eae-slider=\"27344\" data-id=\"db0116c\" data-element_type=\"section\" data-e-type=\"section\">\n\t\t\t\t\t\t<div class=\"elementor-container elementor-column-gap-wider\">\n\t\t\t\t\t<div class=\"has_eae_slider elementor-column elementor-col-50 elementor-top-column elementor-element elementor-element-06c7792\" data-eae-slider=\"70290\" data-id=\"06c7792\" data-element_type=\"column\" data-e-type=\"column\">\n\t\t\t<div class=\"elementor-widget-wrap elementor-element-populated\">\n\t\t\t\t\t\t<section class=\"has_eae_slider elementor-section elementor-inner-section elementor-element elementor-element-7bca5d3 elementor-section-boxed elementor-section-height-default elementor-section-height-default\" data-eae-slider=\"79538\" data-id=\"7bca5d3\" data-element_type=\"section\" data-e-type=\"section\">\n\t\t\t\t\t\t<div class=\"elementor-container elementor-column-gap-default\">\n\t\t\t\t\t<div class=\"has_eae_slider elementor-column elementor-col-50 elementor-inner-column elementor-element elementor-element-4c1b3f6\" data-eae-slider=\"2239\" data-id=\"4c1b3f6\" data-element_type=\"column\" data-e-type=\"column\" id=\"mynameis\" data-settings=\"{&quot;background_background&quot;:&quot;classic&quot;}\">\n\t\t\t<div class=\"elementor-widget-wrap elementor-element-populated\">\n\t\t\t\t\t\t<div class=\"elementor-element elementor-element-d81cc77 elementor-widget elementor-widget-heading\" data-id=\"d81cc77\" data-element_type=\"widget\" data-e-type=\"widget\" data-widget_type=\"heading.default\">\n\t\t\t\t<div class=\"elementor-widget-container\">\n\t\t\t\t\t<h1 class=\"elementor-heading-title elementor-size-small\">Morgan<\/h1>\t\t\t\t<\/div>\n\t\t\t\t<\/div>\n\t\t\t\t\t<\/div>\n\t\t<\/div>\n\t\t\t\t<div class=\"has_eae_slider elementor-column elementor-col-50 elementor-inner-column elementor-element elementor-element-84cadea\" data-eae-slider=\"83623\" data-id=\"84cadea\" data-element_type=\"column\" data-e-type=\"column\">\n\t\t\t<div class=\"elementor-widget-wrap elementor-element-populated\">\n\t\t\t\t\t\t<div class=\"elementor-element elementor-element-38eea44 elementor-widget__width-auto elementor-view-default elementor-widget elementor-widget-icon\" data-id=\"38eea44\" data-element_type=\"widget\" data-e-type=\"widget\" data-widget_type=\"icon.default\">\n\t\t\t\t<div class=\"elementor-widget-container\">\n\t\t\t\t\t\t\t<div class=\"elementor-icon-wrapper\">\n\t\t\t<a class=\"elementor-icon\" href=\"https:\/\/instagram.cohttps:\/\/www.instagram.com\/morganemcoaching\/?hl=frm\/anaismartineyoga?igshid=NGVhN2U2NjQ0Yg==\" target=\"_blank\">\n\t\t\t<i aria-hidden=\"true\" class=\"fab fa-instagram\"><\/i>\t\t\t<\/a>\n\t\t<\/div>\n\t\t\t\t\t\t<\/div>\n\t\t\t\t<\/div>\n\t\t\t\t<div class=\"elementor-element elementor-element-a58d187 elementor-widget__width-auto elementor-widget elementor-widget-heading\" data-id=\"a58d187\" data-element_type=\"widget\" data-e-type=\"widget\" data-widget_type=\"heading.default\">\n\t\t\t\t<div class=\"elementor-widget-container\">\n\t\t\t\t\t<p class=\"elementor-heading-title elementor-size-default\"><a href=\"https:\/\/www.instagram.com\/morganemcoaching\/?hl=fr\" target=\"_blank\">@morganemcoaching<\/a><\/p>\t\t\t\t<\/div>\n\t\t\t\t<\/div>\n\t\t\t\t\t<\/div>\n\t\t<\/div>\n\t\t\t\t\t<\/div>\n\t\t<\/section>\n\t\t\t\t<div class=\"elementor-element elementor-element-5aff91f elementor-widget elementor-widget-text-editor\" data-id=\"5aff91f\" data-element_type=\"widget\" data-e-type=\"widget\" data-widget_type=\"text-editor.default\">\n\t\t\t\t<div class=\"elementor-widget-container\">\n\t\t\t\t\t\t\t\t\t<p>Reserved by nature, it is in sport that Morgane found her place and her way of communicating with others.<\/p><p>She believes that body and mind are one, so every flow is a moment of pleasure and disconnection. Positive, dynamic and caring, she shares her energy with you to her favourite sounds!<\/p><p>Its goal? To offer you a total disconnection and allow you to leave your session with a smile!<\/p>\t\t\t\t\t\t\t\t<\/div>\n\t\t\t\t<\/div>\n\t\t\t\t<div class=\"elementor-element elementor-element-24e17e6 elementor-align-left anim-btn elementor-widget elementor-widget-button\" data-id=\"24e17e6\" data-element_type=\"widget\" data-e-type=\"widget\" id=\"btn-coach\" data-widget_type=\"button.default\">\n\t\t\t\t<div class=\"elementor-widget-container\">\n\t\t\t\t\t\t\t\t\t<div class=\"elementor-button-wrapper\">\n\t\t\t\t\t<a class=\"elementor-button elementor-button-link elementor-size-sm\" href=\"https:\/\/www.poses-studio.com\/en\/coaches\/morgan\/planning-morgane\/\">\n\t\t\t\t\t\t<span class=\"elementor-button-content-wrapper\">\n\t\t\t\t\t\t<span class=\"elementor-button-icon\">\n\t\t\t\t<i aria-hidden=\"true\" class=\"fas fa-long-arrow-alt-right\"><\/i>\t\t\t<\/span>\n\t\t\t\t\t\t\t\t\t<span class=\"elementor-button-text\">Book a session with Morgane<\/span>\n\t\t\t\t\t<\/span>\n\t\t\t\t\t<\/a>\n\t\t\t\t<\/div>\n\t\t\t\t\t\t\t\t<\/div>\n\t\t\t\t<\/div>\n\t\t\t\t\t<\/div>\n\t\t<\/div>\n\t\t\t\t<div class=\"has_eae_slider elementor-column elementor-col-50 elementor-top-column elementor-element elementor-element-57c6591\" data-eae-slider=\"99117\" data-id=\"57c6591\" data-element_type=\"column\" data-e-type=\"column\">\n\t\t\t<div class=\"elementor-widget-wrap elementor-element-populated\">\n\t\t\t\t\t\t<div class=\"elementor-element elementor-element-93c7858 elementor-widget elementor-widget-image\" data-id=\"93c7858\" data-element_type=\"widget\" data-e-type=\"widget\" data-widget_type=\"image.default\">\n\t\t\t\t<div class=\"elementor-widget-container\">\n\t\t\t\t\t\t\t\t\t\t\t\t\t\t\t<img fetchpriority=\"high\" decoding=\"async\" width=\"768\" height=\"1024\" src=\"https:\/\/www.poses-studio.com\/wp-content\/uploads\/2024\/08\/MORGANE-PAGE-IND-768x1024.png\" class=\"attachment-large size-large wp-image-17041\" alt=\"\" srcset=\"https:\/\/www.poses-studio.com\/wp-content\/uploads\/2024\/08\/MORGANE-PAGE-IND-768x1024.png 768w, https:\/\/www.poses-studio.com\/wp-content\/uploads\/2024\/08\/MORGANE-PAGE-IND-225x300.png 225w, https:\/\/www.poses-studio.com\/wp-content\/uploads\/2024\/08\/MORGANE-PAGE-IND-1153x1536.png 1153w, https:\/\/www.poses-studio.com\/wp-content\/uploads\/2024\/08\/MORGANE-PAGE-IND-1537x2048.png 1537w, https:\/\/www.poses-studio.com\/wp-content\/uploads\/2024\/08\/MORGANE-PAGE-IND-9x12.png 9w\" sizes=\"(max-width: 768px) 100vw, 768px\" \/>\t\t\t\t\t\t\t\t\t\t\t\t\t\t\t<\/div>\n\t\t\t\t<\/div>\n\t\t\t\t\t<\/div>\n\t\t<\/div>\n\t\t\t\t\t<\/div>\n\t\t<\/section>\n\t\t\t\t<section class=\"has_eae_slider elementor-section elementor-top-section elementor-element elementor-element-8183c10 elementor-section-full_width elementor-section-height-default elementor-section-height-default\" data-eae-slider=\"59184\" data-id=\"8183c10\" data-element_type=\"section\" data-e-type=\"section\">\n\t\t\t\t\t\t<div class=\"elementor-container elementor-column-gap-default\">\n\t\t\t\t\t<div class=\"has_eae_slider elementor-column elementor-col-100 elementor-top-column elementor-element elementor-element-ce162ed\" data-eae-slider=\"50706\" data-id=\"ce162ed\" data-element_type=\"column\" data-e-type=\"column\">\n\t\t\t<div class=\"elementor-widget-wrap elementor-element-populated\">\n\t\t\t\t\t\t<div class=\"elementor-element elementor-element-e24cfd8 titre-margin-neg elementor-widget elementor-widget-heading\" data-id=\"e24cfd8\" data-element_type=\"widget\" data-e-type=\"widget\" data-widget_type=\"heading.default\">\n\t\t\t\t<div class=\"elementor-widget-container\">\n\t\t\t\t\t<h3 class=\"elementor-heading-title elementor-size-default\">Favorite albums<\/h3>\t\t\t\t<\/div>\n\t\t\t\t<\/div>\n\t\t\t\t<section class=\"has_eae_slider elementor-section elementor-inner-section elementor-element elementor-element-57a4461 elementor-section-boxed elementor-section-height-default elementor-section-height-default\" data-eae-slider=\"37672\" data-id=\"57a4461\" data-element_type=\"section\" data-e-type=\"section\">\n\t\t\t\t\t\t<div class=\"elementor-container elementor-column-gap-default\">\n\t\t\t\t\t<div class=\"has_eae_slider elementor-column elementor-col-100 elementor-inner-column elementor-element elementor-element-c363e42\" data-eae-slider=\"116\" data-id=\"c363e42\" data-element_type=\"column\" data-e-type=\"column\">\n\t\t\t<div class=\"elementor-widget-wrap elementor-element-populated\">\n\t\t\t\t\t\t<div class=\"elementor-element elementor-element-4cdd29b elementor-widget__width-auto elementor-widget elementor-widget-image\" data-id=\"4cdd29b\" data-element_type=\"widget\" data-e-type=\"widget\" data-widget_type=\"image.default\">\n\t\t\t\t<div class=\"elementor-widget-container\">\n\t\t\t\t\t\t\t\t\t\t\t\t\t\t\t\t<a href=\"https:\/\/open.spotify.com\/intl-fr\/album\/7fJJK56U9fHixgO0HQkhtI?si=9a53f779629e4771\" target=\"_blank\">\n\t\t\t\t\t\t\t<img decoding=\"async\" src=\"https:\/\/www.poses-studio.com\/wp-content\/uploads\/elementor\/thumbs\/Future-Nostalgia-qsk00k7qrii6y4ir46fug7y0kf0hj0tx4ol3l85i70.jpg\" title=\"Future-Nostalgia\" alt=\"Future-Nostalgia\" loading=\"lazy\" \/>\t\t\t\t\t\t\t\t<\/a>\n\t\t\t\t\t\t\t\t\t\t\t\t\t\t\t<\/div>\n\t\t\t\t<\/div>\n\t\t\t\t<div class=\"elementor-element elementor-element-98dfae2 elementor-widget__width-auto elementor-widget elementor-widget-image\" data-id=\"98dfae2\" data-element_type=\"widget\" data-e-type=\"widget\" data-widget_type=\"image.default\">\n\t\t\t\t<div class=\"elementor-widget-container\">\n\t\t\t\t\t\t\t\t\t\t\t\t\t\t\t\t<a href=\"https:\/\/open.spotify.com\/intl-fr\/album\/5GfsaNstrK8rszTX5XYtXU?si=dbe576d24db84120\" target=\"_blank\">\n\t\t\t\t\t\t\t<img decoding=\"async\" src=\"https:\/\/www.poses-studio.com\/wp-content\/uploads\/elementor\/thumbs\/1900x1900-000000-80-0-0-qsk01y16tqee1gie19z2mddg1u6xuzbozj5u0w3n18.jpg\" title=\"1900&#215;1900-000000-80-0-0\" alt=\"1900x1900-000000-80-0-0\" loading=\"lazy\" \/>\t\t\t\t\t\t\t\t<\/a>\n\t\t\t\t\t\t\t\t\t\t\t\t\t\t\t<\/div>\n\t\t\t\t<\/div>\n\t\t\t\t<div class=\"elementor-element elementor-element-08d393b elementor-widget__width-auto elementor-widget elementor-widget-image\" data-id=\"08d393b\" data-element_type=\"widget\" data-e-type=\"widget\" data-widget_type=\"image.default\">\n\t\t\t\t<div class=\"elementor-widget-container\">\n\t\t\t\t\t\t\t\t\t\t\t\t\t\t\t\t<a href=\"https:\/\/open.spotify.com\/intl-fr\/album\/1Mo92916G2mmG7ajpmSVrc?si=2fdd35271abb4211\" target=\"_blank\">\n\t\t\t\t\t\t\t<img decoding=\"async\" src=\"https:\/\/www.poses-studio.com\/wp-content\/uploads\/elementor\/thumbs\/81Z1KTX8egL._UF10001000_QL80_-qsjzps0ecxqrr66n30mxcfwn8a5w810rzb5kdy53ks.jpg\" title=\"81Z1KTX8egL._UF1000,1000_QL80_\" alt=\"81Z1KTX8egL._UF1000,1000_QL80_\" loading=\"lazy\" \/>\t\t\t\t\t\t\t\t<\/a>\n\t\t\t\t\t\t\t\t\t\t\t\t\t\t\t<\/div>\n\t\t\t\t<\/div>\n\t\t\t\t\t<\/div>\n\t\t<\/div>\n\t\t\t\t\t<\/div>\n\t\t<\/section>\n\t\t\t\t\t<\/div>\n\t\t<\/div>\n\t\t\t\t\t<\/div>\n\t\t<\/section>\n\t\t\t\t<\/div>","protected":false},"excerpt":{"rendered":"<p>morgane @morganemcoaching De nature r\u00e9serv\u00e9e, c\u2019est dans le sport que Morgane a trouv\u00e9 sa place et sa mani\u00e8re de communiquer avec les autres. Selon elle, le corps et l&rsquo;esprit ne font qu\u2019un, alors chaque flow est un moment de plaisir et de d\u00e9connexion. Positive, dynamique et bienveillante, elle vous partage son \u00e9nergie sur ses sons [&hellip;]<\/p>\n","protected":false},"author":29,"featured_media":17138,"parent":10,"menu_order":0,"comment_status":"closed","ping_status":"closed","template":"","meta":{"_acf_changed":false,"footnotes":""},"class_list":["post-16726","page","type-page","status-publish","has-post-thumbnail","hentry"],"acf":[],"yoast_head":"<!-- This site is optimized with the Yoast SEO plugin v27.3 - https:\/\/yoast.com\/product\/yoast-seo-wordpress\/ -->\n<title>Let it Flow with Morgane - POSES Studio - Yoga, Pilates<\/title>\n<meta name=\"description\" content=\"D\u00e9couvrez notre coach Morgane ! Multi-passionn\u00e9e et touche-\u00e0-tout, elle explore la conscience \u00e0 travers le mouvement, mais aussi \u00e0 travers l\u2019art &amp; la sonoth\u00e9rapie.\" \/>\n<meta name=\"robots\" content=\"index, follow, max-snippet:-1, max-image-preview:large, max-video-preview:-1\" \/>\n<link rel=\"canonical\" href=\"https:\/\/www.poses-studio.com\/en\/coaches\/morgan\/\" \/>\n<meta property=\"og:locale\" content=\"en_GB\" \/>\n<meta property=\"og:type\" content=\"article\" \/>\n<meta property=\"og:title\" content=\"Let it Flow with Morgane - POSES Studio - Yoga, Pilates\" \/>\n<meta property=\"og:description\" content=\"D\u00e9couvrez notre coach Morgane ! Multi-passionn\u00e9e et touche-\u00e0-tout, elle explore la conscience \u00e0 travers le mouvement, mais aussi \u00e0 travers l\u2019art &amp; la sonoth\u00e9rapie.\" \/>\n<meta property=\"og:url\" content=\"https:\/\/www.poses-studio.com\/en\/coaches\/morgan\/\" \/>\n<meta property=\"og:site_name\" content=\"POSES Studio\" \/>\n<meta property=\"article:publisher\" content=\"https:\/\/www.facebook.com\/studiosposes\" \/>\n<meta property=\"article:modified_time\" content=\"2026-01-23T10:40:05+00:00\" \/>\n<meta property=\"og:image\" content=\"https:\/\/www.poses-studio.com\/wp-content\/uploads\/2024\/09\/MORGANE-PG-COACH-683x1024.png\" \/>\n\t<meta property=\"og:image:width\" content=\"683\" \/>\n\t<meta property=\"og:image:height\" content=\"1024\" \/>\n\t<meta property=\"og:image:type\" content=\"image\/png\" \/>\n<meta name=\"twitter:card\" content=\"summary_large_image\" \/>\n<meta name=\"twitter:label1\" content=\"Estimated reading time\" \/>\n\t<meta name=\"twitter:data1\" content=\"2 minutes\" \/>\n<script type=\"application\/ld+json\" class=\"yoast-schema-graph\">{\"@context\":\"https:\\\/\\\/schema.org\",\"@graph\":[{\"@type\":\"WebPage\",\"@id\":\"https:\\\/\\\/www.poses-studio.com\\\/coachs\\\/morgane\\\/\",\"url\":\"https:\\\/\\\/www.poses-studio.com\\\/coachs\\\/morgane\\\/\",\"name\":\"Let it Flow with Morgane - POSES Studio - Yoga, Pilates\",\"isPartOf\":{\"@id\":\"https:\\\/\\\/www.poses-studio.com\\\/#website\"},\"primaryImageOfPage\":{\"@id\":\"https:\\\/\\\/www.poses-studio.com\\\/coachs\\\/morgane\\\/#primaryimage\"},\"image\":{\"@id\":\"https:\\\/\\\/www.poses-studio.com\\\/coachs\\\/morgane\\\/#primaryimage\"},\"thumbnailUrl\":\"https:\\\/\\\/www.poses-studio.com\\\/wp-content\\\/uploads\\\/2024\\\/09\\\/MORGANE-PG-COACH.png\",\"datePublished\":\"2024-09-04T14:25:48+00:00\",\"dateModified\":\"2026-01-23T10:40:05+00:00\",\"description\":\"D\u00e9couvrez notre coach Morgane ! Multi-passionn\u00e9e et touche-\u00e0-tout, elle explore la conscience \u00e0 travers le mouvement, mais aussi \u00e0 travers l\u2019art & la sonoth\u00e9rapie.\",\"breadcrumb\":{\"@id\":\"https:\\\/\\\/www.poses-studio.com\\\/coachs\\\/morgane\\\/#breadcrumb\"},\"inLanguage\":\"en-GB\",\"potentialAction\":[{\"@type\":\"ReadAction\",\"target\":[\"https:\\\/\\\/www.poses-studio.com\\\/coachs\\\/morgane\\\/\"]}]},{\"@type\":\"ImageObject\",\"inLanguage\":\"en-GB\",\"@id\":\"https:\\\/\\\/www.poses-studio.com\\\/coachs\\\/morgane\\\/#primaryimage\",\"url\":\"https:\\\/\\\/www.poses-studio.com\\\/wp-content\\\/uploads\\\/2024\\\/09\\\/MORGANE-PG-COACH.png\",\"contentUrl\":\"https:\\\/\\\/www.poses-studio.com\\\/wp-content\\\/uploads\\\/2024\\\/09\\\/MORGANE-PG-COACH.png\",\"width\":2560,\"height\":3839},{\"@type\":\"BreadcrumbList\",\"@id\":\"https:\\\/\\\/www.poses-studio.com\\\/coachs\\\/morgane\\\/#breadcrumb\",\"itemListElement\":[{\"@type\":\"ListItem\",\"position\":1,\"name\":\"Accueil\",\"item\":\"https:\\\/\\\/www.poses-studio.com\\\/\"},{\"@type\":\"ListItem\",\"position\":2,\"name\":\"Coachs\",\"item\":\"https:\\\/\\\/www.poses-studio.com\\\/coachs\\\/\"},{\"@type\":\"ListItem\",\"position\":3,\"name\":\"Morgane\"}]},{\"@type\":\"WebSite\",\"@id\":\"https:\\\/\\\/www.poses-studio.com\\\/#website\",\"url\":\"https:\\\/\\\/www.poses-studio.com\\\/\",\"name\":\"POSES Studio\",\"description\":\"\",\"publisher\":{\"@id\":\"https:\\\/\\\/www.poses-studio.com\\\/#organization\"},\"potentialAction\":[{\"@type\":\"SearchAction\",\"target\":{\"@type\":\"EntryPoint\",\"urlTemplate\":\"https:\\\/\\\/www.poses-studio.com\\\/?s={search_term_string}\"},\"query-input\":{\"@type\":\"PropertyValueSpecification\",\"valueRequired\":true,\"valueName\":\"search_term_string\"}}],\"inLanguage\":\"en-GB\"},{\"@type\":\"Organization\",\"@id\":\"https:\\\/\\\/www.poses-studio.com\\\/#organization\",\"name\":\"Poses Yoga\",\"url\":\"https:\\\/\\\/www.poses-studio.com\\\/\",\"logo\":{\"@type\":\"ImageObject\",\"inLanguage\":\"en-GB\",\"@id\":\"https:\\\/\\\/www.poses-studio.com\\\/#\\\/schema\\\/logo\\\/image\\\/\",\"url\":\"https:\\\/\\\/www.poses-studio.com\\\/wp-content\\\/uploads\\\/2020\\\/10\\\/cropped-FAVICON.png\",\"contentUrl\":\"https:\\\/\\\/www.poses-studio.com\\\/wp-content\\\/uploads\\\/2020\\\/10\\\/cropped-FAVICON.png\",\"width\":512,\"height\":512,\"caption\":\"Poses Yoga\"},\"image\":{\"@id\":\"https:\\\/\\\/www.poses-studio.com\\\/#\\\/schema\\\/logo\\\/image\\\/\"},\"sameAs\":[\"https:\\\/\\\/www.facebook.com\\\/studiosposes\",\"https:\\\/\\\/www.instagram.com\\\/studioposes\\\/\",\"https:\\\/\\\/www.linkedin.com\\\/showcase\\\/poses-yoga-studio\\\/\"]}]}<\/script>\n<!-- \/ Yoast SEO plugin. -->","yoast_head_json":{"title":"Let it Flow with Morgane - POSES Studio - Yoga, Pilates","description":"D\u00e9couvrez notre coach Morgane ! Multi-passionn\u00e9e et touche-\u00e0-tout, elle explore la conscience \u00e0 travers le mouvement, mais aussi \u00e0 travers l\u2019art & la sonoth\u00e9rapie.","robots":{"index":"index","follow":"follow","max-snippet":"max-snippet:-1","max-image-preview":"max-image-preview:large","max-video-preview":"max-video-preview:-1"},"canonical":"https:\/\/www.poses-studio.com\/en\/coaches\/morgan\/","og_locale":"en_GB","og_type":"article","og_title":"Let it Flow with Morgane - POSES Studio - Yoga, Pilates","og_description":"D\u00e9couvrez notre coach Morgane ! Multi-passionn\u00e9e et touche-\u00e0-tout, elle explore la conscience \u00e0 travers le mouvement, mais aussi \u00e0 travers l\u2019art & la sonoth\u00e9rapie.","og_url":"https:\/\/www.poses-studio.com\/en\/coaches\/morgan\/","og_site_name":"POSES Studio","article_publisher":"https:\/\/www.facebook.com\/studiosposes","article_modified_time":"2026-01-23T10:40:05+00:00","og_image":[{"width":683,"height":1024,"url":"https:\/\/www.poses-studio.com\/wp-content\/uploads\/2024\/09\/MORGANE-PG-COACH-683x1024.png","type":"image\/png"}],"twitter_card":"summary_large_image","twitter_misc":{"Estimated reading time":"2 minutes"},"schema":{"@context":"https:\/\/schema.org","@graph":[{"@type":"WebPage","@id":"https:\/\/www.poses-studio.com\/coachs\/morgane\/","url":"https:\/\/www.poses-studio.com\/coachs\/morgane\/","name":"Let it Flow with Morgane - POSES Studio - Yoga, Pilates","isPartOf":{"@id":"https:\/\/www.poses-studio.com\/#website"},"primaryImageOfPage":{"@id":"https:\/\/www.poses-studio.com\/coachs\/morgane\/#primaryimage"},"image":{"@id":"https:\/\/www.poses-studio.com\/coachs\/morgane\/#primaryimage"},"thumbnailUrl":"https:\/\/www.poses-studio.com\/wp-content\/uploads\/2024\/09\/MORGANE-PG-COACH.png","datePublished":"2024-09-04T14:25:48+00:00","dateModified":"2026-01-23T10:40:05+00:00","description":"D\u00e9couvrez notre coach Morgane ! Multi-passionn\u00e9e et touche-\u00e0-tout, elle explore la conscience \u00e0 travers le mouvement, mais aussi \u00e0 travers l\u2019art & la sonoth\u00e9rapie.","breadcrumb":{"@id":"https:\/\/www.poses-studio.com\/coachs\/morgane\/#breadcrumb"},"inLanguage":"en-GB","potentialAction":[{"@type":"ReadAction","target":["https:\/\/www.poses-studio.com\/coachs\/morgane\/"]}]},{"@type":"ImageObject","inLanguage":"en-GB","@id":"https:\/\/www.poses-studio.com\/coachs\/morgane\/#primaryimage","url":"https:\/\/www.poses-studio.com\/wp-content\/uploads\/2024\/09\/MORGANE-PG-COACH.png","contentUrl":"https:\/\/www.poses-studio.com\/wp-content\/uploads\/2024\/09\/MORGANE-PG-COACH.png","width":2560,"height":3839},{"@type":"BreadcrumbList","@id":"https:\/\/www.poses-studio.com\/coachs\/morgane\/#breadcrumb","itemListElement":[{"@type":"ListItem","position":1,"name":"Accueil","item":"https:\/\/www.poses-studio.com\/"},{"@type":"ListItem","position":2,"name":"Coachs","item":"https:\/\/www.poses-studio.com\/coachs\/"},{"@type":"ListItem","position":3,"name":"Morgane"}]},{"@type":"WebSite","@id":"https:\/\/www.poses-studio.com\/#website","url":"https:\/\/www.poses-studio.com\/","name":"Studio POSES","description":"","publisher":{"@id":"https:\/\/www.poses-studio.com\/#organization"},"potentialAction":[{"@type":"SearchAction","target":{"@type":"EntryPoint","urlTemplate":"https:\/\/www.poses-studio.com\/?s={search_term_string}"},"query-input":{"@type":"PropertyValueSpecification","valueRequired":true,"valueName":"search_term_string"}}],"inLanguage":"en-GB"},{"@type":"Organization","@id":"https:\/\/www.poses-studio.com\/#organization","name":"Yoga Poses","url":"https:\/\/www.poses-studio.com\/","logo":{"@type":"ImageObject","inLanguage":"en-GB","@id":"https:\/\/www.poses-studio.com\/#\/schema\/logo\/image\/","url":"https:\/\/www.poses-studio.com\/wp-content\/uploads\/2020\/10\/cropped-FAVICON.png","contentUrl":"https:\/\/www.poses-studio.com\/wp-content\/uploads\/2020\/10\/cropped-FAVICON.png","width":512,"height":512,"caption":"Poses Yoga"},"image":{"@id":"https:\/\/www.poses-studio.com\/#\/schema\/logo\/image\/"},"sameAs":["https:\/\/www.facebook.com\/studiosposes","https:\/\/www.instagram.com\/studioposes\/","https:\/\/www.linkedin.com\/showcase\/poses-yoga-studio\/"]}]}},"jetpack_sharing_enabled":true,"_links":{"self":[{"href":"https:\/\/www.poses-studio.com\/en\/wp-json\/wp\/v2\/pages\/16726","targetHints":{"allow":["GET"]}}],"collection":[{"href":"https:\/\/www.poses-studio.com\/en\/wp-json\/wp\/v2\/pages"}],"about":[{"href":"https:\/\/www.poses-studio.com\/en\/wp-json\/wp\/v2\/types\/page"}],"author":[{"embeddable":true,"href":"https:\/\/www.poses-studio.com\/en\/wp-json\/wp\/v2\/users\/29"}],"replies":[{"embeddable":true,"href":"https:\/\/www.poses-studio.com\/en\/wp-json\/wp\/v2\/comments?post=16726"}],"version-history":[{"count":3,"href":"https:\/\/www.poses-studio.com\/en\/wp-json\/wp\/v2\/pages\/16726\/revisions"}],"predecessor-version":[{"id":17135,"href":"https:\/\/www.poses-studio.com\/en\/wp-json\/wp\/v2\/pages\/16726\/revisions\/17135"}],"up":[{"embeddable":true,"href":"https:\/\/www.poses-studio.com\/en\/wp-json\/wp\/v2\/pages\/10"}],"wp:featuredmedia":[{"embeddable":true,"href":"https:\/\/www.poses-studio.com\/en\/wp-json\/wp\/v2\/media\/17138"}],"wp:attachment":[{"href":"https:\/\/www.poses-studio.com\/en\/wp-json\/wp\/v2\/media?parent=16726"}],"curies":[{"name":"wp","href":"https:\/\/api.w.org\/{rel}","templated":true}]}}