{"id":6791,"date":"2022-12-08T16:50:35","date_gmt":"2022-12-08T15:50:35","guid":{"rendered":"https:\/\/www.poses-studio.com\/?page_id=6791"},"modified":"2026-01-23T11:42:21","modified_gmt":"2026-01-23T10:42:21","slug":"ramm","status":"publish","type":"page","link":"https:\/\/www.poses-studio.com\/en\/coaches\/ramm\/","title":{"rendered":"Ramm"},"content":{"rendered":"<div data-elementor-type=\"wp-page\" data-elementor-id=\"6791\" class=\"elementor elementor-6791\" data-elementor-post-type=\"page\">\n\t\t\t\t\t\t<section class=\"has_eae_slider elementor-section elementor-top-section elementor-element elementor-element-db0116c elementor-reverse-mobile elementor-section-boxed elementor-section-height-default elementor-section-height-default\" data-eae-slider=\"40706\" data-id=\"db0116c\" data-element_type=\"section\" data-e-type=\"section\">\n\t\t\t\t\t\t<div class=\"elementor-container elementor-column-gap-wider\">\n\t\t\t\t\t<div class=\"has_eae_slider elementor-column elementor-col-50 elementor-top-column elementor-element elementor-element-06c7792\" data-eae-slider=\"45112\" data-id=\"06c7792\" data-element_type=\"column\" data-e-type=\"column\">\n\t\t\t<div class=\"elementor-widget-wrap elementor-element-populated\">\n\t\t\t\t\t\t<section class=\"has_eae_slider elementor-section elementor-inner-section elementor-element elementor-element-7bca5d3 elementor-section-boxed elementor-section-height-default elementor-section-height-default\" data-eae-slider=\"61815\" data-id=\"7bca5d3\" data-element_type=\"section\" data-e-type=\"section\">\n\t\t\t\t\t\t<div class=\"elementor-container elementor-column-gap-default\">\n\t\t\t\t\t<div class=\"has_eae_slider elementor-column elementor-col-50 elementor-inner-column elementor-element elementor-element-4c1b3f6\" data-eae-slider=\"85745\" data-id=\"4c1b3f6\" data-element_type=\"column\" data-e-type=\"column\" id=\"mynameis\" data-settings=\"{&quot;background_background&quot;:&quot;classic&quot;}\">\n\t\t\t<div class=\"elementor-widget-wrap elementor-element-populated\">\n\t\t\t\t\t\t<div class=\"elementor-element elementor-element-d81cc77 elementor-widget elementor-widget-heading\" data-id=\"d81cc77\" data-element_type=\"widget\" data-e-type=\"widget\" data-widget_type=\"heading.default\">\n\t\t\t\t<div class=\"elementor-widget-container\">\n\t\t\t\t\t<h1 class=\"elementor-heading-title elementor-size-small\">Ramm<\/h1>\t\t\t\t<\/div>\n\t\t\t\t<\/div>\n\t\t\t\t\t<\/div>\n\t\t<\/div>\n\t\t\t\t<div class=\"has_eae_slider elementor-column elementor-col-50 elementor-inner-column elementor-element elementor-element-84cadea\" data-eae-slider=\"36538\" data-id=\"84cadea\" data-element_type=\"column\" data-e-type=\"column\">\n\t\t\t<div class=\"elementor-widget-wrap elementor-element-populated\">\n\t\t\t\t\t\t<div class=\"elementor-element elementor-element-38eea44 elementor-widget__width-auto elementor-view-default elementor-widget elementor-widget-icon\" data-id=\"38eea44\" data-element_type=\"widget\" data-e-type=\"widget\" data-widget_type=\"icon.default\">\n\t\t\t\t<div class=\"elementor-widget-container\">\n\t\t\t\t\t\t\t<div class=\"elementor-icon-wrapper\">\n\t\t\t<a class=\"elementor-icon\" href=\"https:\/\/www.instagram.com\/ramm.dane\/\" target=\"_blank\">\n\t\t\t<i aria-hidden=\"true\" class=\"fab fa-instagram\"><\/i>\t\t\t<\/a>\n\t\t<\/div>\n\t\t\t\t\t\t<\/div>\n\t\t\t\t<\/div>\n\t\t\t\t<div class=\"elementor-element elementor-element-a58d187 elementor-widget__width-auto elementor-widget elementor-widget-heading\" data-id=\"a58d187\" data-element_type=\"widget\" data-e-type=\"widget\" data-widget_type=\"heading.default\">\n\t\t\t\t<div class=\"elementor-widget-container\">\n\t\t\t\t\t<p class=\"elementor-heading-title elementor-size-default\"><a href=\"https:\/\/www.instagram.com\/ramm.dane\/\" target=\"_blank\">@ramm.dane<\/a><\/p>\t\t\t\t<\/div>\n\t\t\t\t<\/div>\n\t\t\t\t\t<\/div>\n\t\t<\/div>\n\t\t\t\t\t<\/div>\n\t\t<\/section>\n\t\t\t\t<div class=\"elementor-element elementor-element-f1bc03f elementor-widget elementor-widget-text-editor\" data-id=\"f1bc03f\" data-element_type=\"widget\" data-e-type=\"widget\" data-widget_type=\"text-editor.default\">\n\t\t\t\t<div class=\"elementor-widget-container\">\n\t\t\t\t\t\t\t\t\t<p>Professeur de yoga, barre et pilates, mais aussi psychologue, \u00e9crivain et ceinture noire de karat\u00e9 : on parle \u00e9videmment de notre superstar du wellness\u2026 (grrrrr) Ramm.<\/p><p>Bien plus qu\u2019une simple pratique physique, chacune de ses s\u00e9ances raconte une histoire dont vous \u00eates le personnage principal. Sur une playlist sur mesure, Ramm vous motive, vous aide \u00e0 renforcer vos muscles et \u00e0 gagner en souplesse. Mais surtout, il vous encourage \u00e0 c\u00e9l\u00e9brer et accepter pleinement votre corps et votre \u00e2me.<\/p><p>Pr\u00eat.e \u00e0 pulser lors de l\u2019une de ses s\u00e9ances ?<\/p>\t\t\t\t\t\t\t\t<\/div>\n\t\t\t\t<\/div>\n\t\t\t\t<div class=\"elementor-element elementor-element-24e17e6 elementor-align-left anim-btn elementor-widget elementor-widget-button\" data-id=\"24e17e6\" data-element_type=\"widget\" data-e-type=\"widget\" id=\"btn-coach\" data-widget_type=\"button.default\">\n\t\t\t\t<div class=\"elementor-widget-container\">\n\t\t\t\t\t\t\t\t\t<div class=\"elementor-button-wrapper\">\n\t\t\t\t\t<a class=\"elementor-button elementor-button-link elementor-size-sm\" href=\"https:\/\/www.poses-studio.com\/en\/coaches\/ramm\/planning-ramm\/\">\n\t\t\t\t\t\t<span class=\"elementor-button-content-wrapper\">\n\t\t\t\t\t\t<span class=\"elementor-button-icon\">\n\t\t\t\t<i aria-hidden=\"true\" class=\"fas fa-long-arrow-alt-right\"><\/i>\t\t\t<\/span>\n\t\t\t\t\t\t\t\t\t<span class=\"elementor-button-text\">Book a session with Ramm<\/span>\n\t\t\t\t\t<\/span>\n\t\t\t\t\t<\/a>\n\t\t\t\t<\/div>\n\t\t\t\t\t\t\t\t<\/div>\n\t\t\t\t<\/div>\n\t\t\t\t\t<\/div>\n\t\t<\/div>\n\t\t\t\t<div class=\"has_eae_slider elementor-column elementor-col-50 elementor-top-column elementor-element elementor-element-57c6591\" data-eae-slider=\"97158\" data-id=\"57c6591\" data-element_type=\"column\" data-e-type=\"column\">\n\t\t\t<div class=\"elementor-widget-wrap elementor-element-populated\">\n\t\t\t\t\t\t<div class=\"elementor-element elementor-element-93c7858 elementor-widget elementor-widget-image\" data-id=\"93c7858\" data-element_type=\"widget\" data-e-type=\"widget\" data-widget_type=\"image.default\">\n\t\t\t\t<div class=\"elementor-widget-container\">\n\t\t\t\t\t\t\t\t\t\t\t\t\t\t\t<img fetchpriority=\"high\" decoding=\"async\" width=\"732\" height=\"1024\" src=\"https:\/\/www.poses-studio.com\/wp-content\/uploads\/2023\/01\/RAMDAN_STICKeR-732x1024.png\" class=\"attachment-large size-large wp-image-7636\" alt=\"ramdan\" srcset=\"https:\/\/www.poses-studio.com\/wp-content\/uploads\/2023\/01\/RAMDAN_STICKeR-732x1024.png 732w, https:\/\/www.poses-studio.com\/wp-content\/uploads\/2023\/01\/RAMDAN_STICKeR-214x300.png 214w, https:\/\/www.poses-studio.com\/wp-content\/uploads\/2023\/01\/RAMDAN_STICKeR-768x1074.png 768w, https:\/\/www.poses-studio.com\/wp-content\/uploads\/2023\/01\/RAMDAN_STICKeR-1098x1536.png 1098w, https:\/\/www.poses-studio.com\/wp-content\/uploads\/2023\/01\/RAMDAN_STICKeR.png 1321w\" sizes=\"(max-width: 732px) 100vw, 732px\" \/>\t\t\t\t\t\t\t\t\t\t\t\t\t\t\t<\/div>\n\t\t\t\t<\/div>\n\t\t\t\t\t<\/div>\n\t\t<\/div>\n\t\t\t\t\t<\/div>\n\t\t<\/section>\n\t\t\t\t<section class=\"has_eae_slider elementor-section elementor-top-section elementor-element elementor-element-8183c10 elementor-section-full_width elementor-section-height-default elementor-section-height-default\" data-eae-slider=\"45591\" data-id=\"8183c10\" data-element_type=\"section\" data-e-type=\"section\">\n\t\t\t\t\t\t<div class=\"elementor-container elementor-column-gap-default\">\n\t\t\t\t\t<div class=\"has_eae_slider elementor-column elementor-col-100 elementor-top-column elementor-element elementor-element-ce162ed\" data-eae-slider=\"96971\" data-id=\"ce162ed\" data-element_type=\"column\" data-e-type=\"column\">\n\t\t\t<div class=\"elementor-widget-wrap elementor-element-populated\">\n\t\t\t\t\t\t<div class=\"elementor-element elementor-element-e24cfd8 titre-margin-neg elementor-widget elementor-widget-heading\" data-id=\"e24cfd8\" data-element_type=\"widget\" data-e-type=\"widget\" data-widget_type=\"heading.default\">\n\t\t\t\t<div class=\"elementor-widget-container\">\n\t\t\t\t\t<h3 class=\"elementor-heading-title elementor-size-default\">Favorite albums<\/h3>\t\t\t\t<\/div>\n\t\t\t\t<\/div>\n\t\t\t\t<section class=\"has_eae_slider elementor-section elementor-inner-section elementor-element elementor-element-57a4461 elementor-section-boxed elementor-section-height-default elementor-section-height-default\" data-eae-slider=\"31694\" data-id=\"57a4461\" data-element_type=\"section\" data-e-type=\"section\">\n\t\t\t\t\t\t<div class=\"elementor-container elementor-column-gap-default\">\n\t\t\t\t\t<div class=\"has_eae_slider elementor-column elementor-col-100 elementor-inner-column elementor-element elementor-element-c363e42\" data-eae-slider=\"65045\" data-id=\"c363e42\" data-element_type=\"column\" data-e-type=\"column\">\n\t\t\t<div class=\"elementor-widget-wrap elementor-element-populated\">\n\t\t\t\t\t\t<div class=\"elementor-element elementor-element-fc2c5c5 elementor-widget__width-auto elementor-widget elementor-widget-image\" data-id=\"fc2c5c5\" data-element_type=\"widget\" data-e-type=\"widget\" data-widget_type=\"image.default\">\n\t\t\t\t<div class=\"elementor-widget-container\">\n\t\t\t\t\t\t\t\t\t\t\t\t\t\t\t\t<a href=\"https:\/\/open.spotify.com\/intl-fr\/track\/5nOgUY5zj70oGOtiiXsI1j?si=94e6ad95c6984f6a&#038;nd=1&#038;dlsi=3321801b08a94e82\" target=\"_blank\">\n\t\t\t\t\t\t\t<img decoding=\"async\" src=\"https:\/\/www.poses-studio.com\/wp-content\/uploads\/elementor\/thumbs\/telecharger-rfdkxsg7txb4dxt3o1anywxdol0huvv1n22b4u7c64.jpg\" title=\"t\u00e9l\u00e9charger\" alt=\"t\u00e9l\u00e9charger\" loading=\"lazy\" \/>\t\t\t\t\t\t\t\t<\/a>\n\t\t\t\t\t\t\t\t\t\t\t\t\t\t\t<\/div>\n\t\t\t\t<\/div>\n\t\t\t\t<div class=\"elementor-element elementor-element-eb1ac20 elementor-widget__width-auto elementor-widget elementor-widget-image\" data-id=\"eb1ac20\" data-element_type=\"widget\" data-e-type=\"widget\" data-widget_type=\"image.default\">\n\t\t\t\t<div class=\"elementor-widget-container\">\n\t\t\t\t\t\t\t\t\t\t\t\t\t\t\t\t<a href=\"https:\/\/open.spotify.com\/intl-fr\/track\/79wgotDiVZml9PiTtNtYBA?go=1&#038;sp_cid=537da37550fb1dcf45958ac2630ad0ac&#038;utm_source=embed_player_p&#038;utm_medium=desktop&#038;si=ba15fc044137488a&#038;nd=1&#038;dlsi=833dd721e9e1459f\" target=\"_blank\">\n\t\t\t\t\t\t\t<img decoding=\"async\" src=\"https:\/\/www.poses-studio.com\/wp-content\/uploads\/elementor\/thumbs\/ab67616d0000b27359ae8cf65d498afdd5585634-rfdl0286cif2g0ibein7huahd3tfgjvoyatjvwu34s.jpg\" title=\"ab67616d0000b27359ae8cf65d498afdd5585634\" alt=\"ab67616d0000b27359ae8cf65d498afdd5585634\" loading=\"lazy\" \/>\t\t\t\t\t\t\t\t<\/a>\n\t\t\t\t\t\t\t\t\t\t\t\t\t\t\t<\/div>\n\t\t\t\t<\/div>\n\t\t\t\t<div class=\"elementor-element elementor-element-08d393b elementor-widget__width-auto elementor-widget elementor-widget-image\" data-id=\"08d393b\" data-element_type=\"widget\" data-e-type=\"widget\" data-widget_type=\"image.default\">\n\t\t\t\t<div class=\"elementor-widget-container\">\n\t\t\t\t\t\t\t\t\t\t\t\t\t\t\t\t<a href=\"https:\/\/open.spotify.com\/intl-fr\/track\/0nvsWayNp3WFQGta5Zcxyv?go=1&#038;sp_cid=a37449d3ec27eecb0cb4afecc2ce92f5&#038;utm_source=embed_player_p&#038;utm_medium=desktop&#038;si=d1b967adeb7b4d51&#038;nd=1&#038;dlsi=5d81f2001b364bda\" target=\"_blank\">\n\t\t\t\t\t\t\t<img decoding=\"async\" src=\"https:\/\/www.poses-studio.com\/wp-content\/uploads\/elementor\/thumbs\/ab67616d0000b2737285d9b160e5139ec378b7e1-rfdl2dvt8rll5b4su0t05r6i8ed3hm3sxsvrlje1r0.jpg\" title=\"ab67616d0000b2737285d9b160e5139ec378b7e1\" alt=\"ab67616d0000b2737285d9b160e5139ec378b7e1\" loading=\"lazy\" \/>\t\t\t\t\t\t\t\t<\/a>\n\t\t\t\t\t\t\t\t\t\t\t\t\t\t\t<\/div>\n\t\t\t\t<\/div>\n\t\t\t\t\t<\/div>\n\t\t<\/div>\n\t\t\t\t\t<\/div>\n\t\t<\/section>\n\t\t\t\t\t<\/div>\n\t\t<\/div>\n\t\t\t\t\t<\/div>\n\t\t<\/section>\n\t\t\t\t<\/div>","protected":false},"excerpt":{"rendered":"<p>Ramm @ramm.dane Professeur de yoga, barre et pilates, mais aussi psychologue, \u00e9crivain et ceinture noire de karat\u00e9 : on parle \u00e9videmment de notre superstar du wellness\u2026 (grrrrr) Ramm. Bien plus qu\u2019une simple pratique physique, chacune de ses s\u00e9ances raconte une histoire dont vous \u00eates le personnage principal. Sur une playlist sur mesure, Ramm vous motive, [&hellip;]<\/p>\n","protected":false},"author":19,"featured_media":14085,"parent":10,"menu_order":0,"comment_status":"closed","ping_status":"closed","template":"","meta":{"_acf_changed":false,"footnotes":""},"class_list":["post-6791","page","type-page","status-publish","has-post-thumbnail","hentry"],"acf":[],"yoast_head":"<!-- This site is optimized with the Yoast SEO plugin v27.5 - https:\/\/yoast.com\/product\/yoast-seo-wordpress\/ -->\n<title>Let it Flow with Ramm - POSES Studio - Yoga, Pilates<\/title>\n<meta name=\"description\" content=\"D\u00e9couvrez notre coach Ramm ! Professeur de yoga certifi\u00e9, il vous accompagne dans votre d\u00e9veloppement. R\u00e9servez votre session avec Ramm !\" \/>\n<meta name=\"robots\" content=\"index, follow, max-snippet:-1, max-image-preview:large, max-video-preview:-1\" \/>\n<link rel=\"canonical\" href=\"https:\/\/www.poses-studio.com\/en\/coaches\/ramm\/\" \/>\n<meta property=\"og:locale\" content=\"en_GB\" \/>\n<meta property=\"og:type\" content=\"article\" \/>\n<meta property=\"og:title\" content=\"Let it Flow with Ramm - POSES Studio - Yoga, Pilates\" \/>\n<meta property=\"og:description\" content=\"D\u00e9couvrez notre coach Ramm ! Professeur de yoga certifi\u00e9, il vous accompagne dans votre d\u00e9veloppement. R\u00e9servez votre session avec Ramm !\" \/>\n<meta property=\"og:url\" content=\"https:\/\/www.poses-studio.com\/en\/coaches\/ramm\/\" \/>\n<meta property=\"og:site_name\" content=\"POSES Studio\" \/>\n<meta property=\"article:publisher\" content=\"https:\/\/www.facebook.com\/studiosposes\" \/>\n<meta property=\"article:modified_time\" content=\"2026-01-23T10:42:21+00:00\" \/>\n<meta property=\"og:image\" content=\"https:\/\/www.poses-studio.com\/wp-content\/uploads\/2024\/02\/RAMDANE-PG-COACH-HOVER-683x1024.png\" \/>\n\t<meta property=\"og:image:width\" content=\"683\" \/>\n\t<meta property=\"og:image:height\" content=\"1024\" \/>\n\t<meta property=\"og:image:type\" content=\"image\/png\" \/>\n<meta name=\"twitter:card\" content=\"summary_large_image\" \/>\n<meta name=\"twitter:label1\" content=\"Estimated reading time\" \/>\n\t<meta name=\"twitter:data1\" content=\"2 minutes\" \/>\n<script type=\"application\/ld+json\" class=\"yoast-schema-graph\">{\"@context\":\"https:\\\/\\\/schema.org\",\"@graph\":[{\"@type\":\"WebPage\",\"@id\":\"https:\\\/\\\/www.poses-studio.com\\\/coachs\\\/ramm\\\/\",\"url\":\"https:\\\/\\\/www.poses-studio.com\\\/coachs\\\/ramm\\\/\",\"name\":\"Let it Flow with Ramm - POSES Studio - Yoga, Pilates\",\"isPartOf\":{\"@id\":\"https:\\\/\\\/www.poses-studio.com\\\/#website\"},\"primaryImageOfPage\":{\"@id\":\"https:\\\/\\\/www.poses-studio.com\\\/coachs\\\/ramm\\\/#primaryimage\"},\"image\":{\"@id\":\"https:\\\/\\\/www.poses-studio.com\\\/coachs\\\/ramm\\\/#primaryimage\"},\"thumbnailUrl\":\"https:\\\/\\\/www.poses-studio.com\\\/wp-content\\\/uploads\\\/2024\\\/02\\\/RAMDANE-PG-COACH-HOVER.png\",\"datePublished\":\"2022-12-08T15:50:35+00:00\",\"dateModified\":\"2026-01-23T10:42:21+00:00\",\"description\":\"D\u00e9couvrez notre coach Ramm ! Professeur de yoga certifi\u00e9, il vous accompagne dans votre d\u00e9veloppement. R\u00e9servez votre session avec Ramm !\",\"breadcrumb\":{\"@id\":\"https:\\\/\\\/www.poses-studio.com\\\/coachs\\\/ramm\\\/#breadcrumb\"},\"inLanguage\":\"en-GB\",\"potentialAction\":[{\"@type\":\"ReadAction\",\"target\":[\"https:\\\/\\\/www.poses-studio.com\\\/coachs\\\/ramm\\\/\"]}]},{\"@type\":\"ImageObject\",\"inLanguage\":\"en-GB\",\"@id\":\"https:\\\/\\\/www.poses-studio.com\\\/coachs\\\/ramm\\\/#primaryimage\",\"url\":\"https:\\\/\\\/www.poses-studio.com\\\/wp-content\\\/uploads\\\/2024\\\/02\\\/RAMDANE-PG-COACH-HOVER.png\",\"contentUrl\":\"https:\\\/\\\/www.poses-studio.com\\\/wp-content\\\/uploads\\\/2024\\\/02\\\/RAMDANE-PG-COACH-HOVER.png\",\"width\":2560,\"height\":3838},{\"@type\":\"BreadcrumbList\",\"@id\":\"https:\\\/\\\/www.poses-studio.com\\\/coachs\\\/ramm\\\/#breadcrumb\",\"itemListElement\":[{\"@type\":\"ListItem\",\"position\":1,\"name\":\"Accueil\",\"item\":\"https:\\\/\\\/www.poses-studio.com\\\/\"},{\"@type\":\"ListItem\",\"position\":2,\"name\":\"Coachs\",\"item\":\"https:\\\/\\\/www.poses-studio.com\\\/coachs\\\/\"},{\"@type\":\"ListItem\",\"position\":3,\"name\":\"Ramm\"}]},{\"@type\":\"WebSite\",\"@id\":\"https:\\\/\\\/www.poses-studio.com\\\/#website\",\"url\":\"https:\\\/\\\/www.poses-studio.com\\\/\",\"name\":\"POSES Studio\",\"description\":\"\",\"publisher\":{\"@id\":\"https:\\\/\\\/www.poses-studio.com\\\/#organization\"},\"potentialAction\":[{\"@type\":\"SearchAction\",\"target\":{\"@type\":\"EntryPoint\",\"urlTemplate\":\"https:\\\/\\\/www.poses-studio.com\\\/?s={search_term_string}\"},\"query-input\":{\"@type\":\"PropertyValueSpecification\",\"valueRequired\":true,\"valueName\":\"search_term_string\"}}],\"inLanguage\":\"en-GB\"},{\"@type\":\"Organization\",\"@id\":\"https:\\\/\\\/www.poses-studio.com\\\/#organization\",\"name\":\"Poses Yoga\",\"url\":\"https:\\\/\\\/www.poses-studio.com\\\/\",\"logo\":{\"@type\":\"ImageObject\",\"inLanguage\":\"en-GB\",\"@id\":\"https:\\\/\\\/www.poses-studio.com\\\/#\\\/schema\\\/logo\\\/image\\\/\",\"url\":\"https:\\\/\\\/www.poses-studio.com\\\/wp-content\\\/uploads\\\/2020\\\/10\\\/cropped-FAVICON.png\",\"contentUrl\":\"https:\\\/\\\/www.poses-studio.com\\\/wp-content\\\/uploads\\\/2020\\\/10\\\/cropped-FAVICON.png\",\"width\":512,\"height\":512,\"caption\":\"Poses Yoga\"},\"image\":{\"@id\":\"https:\\\/\\\/www.poses-studio.com\\\/#\\\/schema\\\/logo\\\/image\\\/\"},\"sameAs\":[\"https:\\\/\\\/www.facebook.com\\\/studiosposes\",\"https:\\\/\\\/www.instagram.com\\\/studioposes\\\/\",\"https:\\\/\\\/www.linkedin.com\\\/showcase\\\/poses-yoga-studio\\\/\"]}]}<\/script>\n<!-- \/ Yoast SEO plugin. -->","yoast_head_json":{"title":"Let it Flow with Ramm - POSES Studio - Yoga, Pilates","description":"Meet our coach Ramm! A certified yoga teacher, he'll support you in your development. Book your session with Ramm!","robots":{"index":"index","follow":"follow","max-snippet":"max-snippet:-1","max-image-preview":"max-image-preview:large","max-video-preview":"max-video-preview:-1"},"canonical":"https:\/\/www.poses-studio.com\/en\/coaches\/ramm\/","og_locale":"en_GB","og_type":"article","og_title":"Let it Flow with Ramm - POSES Studio - Yoga, Pilates","og_description":"D\u00e9couvrez notre coach Ramm ! Professeur de yoga certifi\u00e9, il vous accompagne dans votre d\u00e9veloppement. R\u00e9servez votre session avec Ramm !","og_url":"https:\/\/www.poses-studio.com\/en\/coaches\/ramm\/","og_site_name":"POSES Studio","article_publisher":"https:\/\/www.facebook.com\/studiosposes","article_modified_time":"2026-01-23T10:42:21+00:00","og_image":[{"width":683,"height":1024,"url":"https:\/\/www.poses-studio.com\/wp-content\/uploads\/2024\/02\/RAMDANE-PG-COACH-HOVER-683x1024.png","type":"image\/png"}],"twitter_card":"summary_large_image","twitter_misc":{"Estimated reading time":"2 minutes"},"schema":{"@context":"https:\/\/schema.org","@graph":[{"@type":"WebPage","@id":"https:\/\/www.poses-studio.com\/coachs\/ramm\/","url":"https:\/\/www.poses-studio.com\/coachs\/ramm\/","name":"Let it Flow with Ramm - POSES Studio - Yoga, Pilates","isPartOf":{"@id":"https:\/\/www.poses-studio.com\/#website"},"primaryImageOfPage":{"@id":"https:\/\/www.poses-studio.com\/coachs\/ramm\/#primaryimage"},"image":{"@id":"https:\/\/www.poses-studio.com\/coachs\/ramm\/#primaryimage"},"thumbnailUrl":"https:\/\/www.poses-studio.com\/wp-content\/uploads\/2024\/02\/RAMDANE-PG-COACH-HOVER.png","datePublished":"2022-12-08T15:50:35+00:00","dateModified":"2026-01-23T10:42:21+00:00","description":"Meet our coach Ramm! A certified yoga teacher, he'll support you in your development. Book your session with Ramm!","breadcrumb":{"@id":"https:\/\/www.poses-studio.com\/coachs\/ramm\/#breadcrumb"},"inLanguage":"en-GB","potentialAction":[{"@type":"ReadAction","target":["https:\/\/www.poses-studio.com\/coachs\/ramm\/"]}]},{"@type":"ImageObject","inLanguage":"en-GB","@id":"https:\/\/www.poses-studio.com\/coachs\/ramm\/#primaryimage","url":"https:\/\/www.poses-studio.com\/wp-content\/uploads\/2024\/02\/RAMDANE-PG-COACH-HOVER.png","contentUrl":"https:\/\/www.poses-studio.com\/wp-content\/uploads\/2024\/02\/RAMDANE-PG-COACH-HOVER.png","width":2560,"height":3838},{"@type":"BreadcrumbList","@id":"https:\/\/www.poses-studio.com\/coachs\/ramm\/#breadcrumb","itemListElement":[{"@type":"ListItem","position":1,"name":"Accueil","item":"https:\/\/www.poses-studio.com\/"},{"@type":"ListItem","position":2,"name":"Coachs","item":"https:\/\/www.poses-studio.com\/coachs\/"},{"@type":"ListItem","position":3,"name":"Ramm"}]},{"@type":"WebSite","@id":"https:\/\/www.poses-studio.com\/#website","url":"https:\/\/www.poses-studio.com\/","name":"Studio POSES","description":"","publisher":{"@id":"https:\/\/www.poses-studio.com\/#organization"},"potentialAction":[{"@type":"SearchAction","target":{"@type":"EntryPoint","urlTemplate":"https:\/\/www.poses-studio.com\/?s={search_term_string}"},"query-input":{"@type":"PropertyValueSpecification","valueRequired":true,"valueName":"search_term_string"}}],"inLanguage":"en-GB"},{"@type":"Organization","@id":"https:\/\/www.poses-studio.com\/#organization","name":"Yoga Poses","url":"https:\/\/www.poses-studio.com\/","logo":{"@type":"ImageObject","inLanguage":"en-GB","@id":"https:\/\/www.poses-studio.com\/#\/schema\/logo\/image\/","url":"https:\/\/www.poses-studio.com\/wp-content\/uploads\/2020\/10\/cropped-FAVICON.png","contentUrl":"https:\/\/www.poses-studio.com\/wp-content\/uploads\/2020\/10\/cropped-FAVICON.png","width":512,"height":512,"caption":"Poses Yoga"},"image":{"@id":"https:\/\/www.poses-studio.com\/#\/schema\/logo\/image\/"},"sameAs":["https:\/\/www.facebook.com\/studiosposes","https:\/\/www.instagram.com\/studioposes\/","https:\/\/www.linkedin.com\/showcase\/poses-yoga-studio\/"]}]}},"jetpack_sharing_enabled":true,"_links":{"self":[{"href":"https:\/\/www.poses-studio.com\/en\/wp-json\/wp\/v2\/pages\/6791","targetHints":{"allow":["GET"]}}],"collection":[{"href":"https:\/\/www.poses-studio.com\/en\/wp-json\/wp\/v2\/pages"}],"about":[{"href":"https:\/\/www.poses-studio.com\/en\/wp-json\/wp\/v2\/types\/page"}],"author":[{"embeddable":true,"href":"https:\/\/www.poses-studio.com\/en\/wp-json\/wp\/v2\/users\/19"}],"replies":[{"embeddable":true,"href":"https:\/\/www.poses-studio.com\/en\/wp-json\/wp\/v2\/comments?post=6791"}],"version-history":[{"count":3,"href":"https:\/\/www.poses-studio.com\/en\/wp-json\/wp\/v2\/pages\/6791\/revisions"}],"predecessor-version":[{"id":21926,"href":"https:\/\/www.poses-studio.com\/en\/wp-json\/wp\/v2\/pages\/6791\/revisions\/21926"}],"up":[{"embeddable":true,"href":"https:\/\/www.poses-studio.com\/en\/wp-json\/wp\/v2\/pages\/10"}],"wp:featuredmedia":[{"embeddable":true,"href":"https:\/\/www.poses-studio.com\/en\/wp-json\/wp\/v2\/media\/14085"}],"wp:attachment":[{"href":"https:\/\/www.poses-studio.com\/en\/wp-json\/wp\/v2\/media?parent=6791"}],"curies":[{"name":"wp","href":"https:\/\/api.w.org\/{rel}","templated":true}]}}