{"id":773,"date":"2020-11-06T16:19:58","date_gmt":"2020-11-06T15:19:58","guid":{"rendered":"https:\/\/www.poses-studio.com\/?page_id=773"},"modified":"2026-01-22T17:40:23","modified_gmt":"2026-01-22T16:40:23","slug":"camille","status":"publish","type":"page","link":"https:\/\/www.poses-studio.com\/en\/coaches\/camille\/","title":{"rendered":"Camille"},"content":{"rendered":"<div data-elementor-type=\"wp-page\" data-elementor-id=\"773\" class=\"elementor elementor-773\" data-elementor-post-type=\"page\">\n\t\t\t\t\t\t<section class=\"has_eae_slider elementor-section elementor-top-section elementor-element elementor-element-db0116c elementor-reverse-mobile elementor-section-boxed elementor-section-height-default elementor-section-height-default\" data-eae-slider=\"51312\" data-id=\"db0116c\" data-element_type=\"section\" data-e-type=\"section\">\n\t\t\t\t\t\t<div class=\"elementor-container elementor-column-gap-wider\">\n\t\t\t\t\t<div class=\"has_eae_slider elementor-column elementor-col-50 elementor-top-column elementor-element elementor-element-06c7792\" data-eae-slider=\"77396\" data-id=\"06c7792\" data-element_type=\"column\" data-e-type=\"column\">\n\t\t\t<div class=\"elementor-widget-wrap elementor-element-populated\">\n\t\t\t\t\t\t<section class=\"has_eae_slider elementor-section elementor-inner-section elementor-element elementor-element-7bca5d3 elementor-section-boxed elementor-section-height-default elementor-section-height-default\" data-eae-slider=\"48927\" data-id=\"7bca5d3\" data-element_type=\"section\" data-e-type=\"section\">\n\t\t\t\t\t\t<div class=\"elementor-container elementor-column-gap-default\">\n\t\t\t\t\t<div class=\"has_eae_slider elementor-column elementor-col-50 elementor-inner-column elementor-element elementor-element-4c1b3f6\" data-eae-slider=\"45269\" data-id=\"4c1b3f6\" data-element_type=\"column\" data-e-type=\"column\" id=\"mynameis\" data-settings=\"{&quot;background_background&quot;:&quot;classic&quot;}\">\n\t\t\t<div class=\"elementor-widget-wrap elementor-element-populated\">\n\t\t\t\t\t\t<div class=\"elementor-element elementor-element-d81cc77 elementor-widget elementor-widget-heading\" data-id=\"d81cc77\" data-element_type=\"widget\" data-e-type=\"widget\" data-widget_type=\"heading.default\">\n\t\t\t\t<div class=\"elementor-widget-container\">\n\t\t\t\t\t<h1 class=\"elementor-heading-title elementor-size-default\">Camille<\/h1>\t\t\t\t<\/div>\n\t\t\t\t<\/div>\n\t\t\t\t\t<\/div>\n\t\t<\/div>\n\t\t\t\t<div class=\"has_eae_slider elementor-column elementor-col-50 elementor-inner-column elementor-element elementor-element-84cadea\" data-eae-slider=\"73472\" data-id=\"84cadea\" data-element_type=\"column\" data-e-type=\"column\">\n\t\t\t<div class=\"elementor-widget-wrap elementor-element-populated\">\n\t\t\t\t\t\t<div class=\"elementor-element elementor-element-38eea44 elementor-widget__width-auto elementor-view-default elementor-widget elementor-widget-icon\" data-id=\"38eea44\" data-element_type=\"widget\" data-e-type=\"widget\" data-widget_type=\"icon.default\">\n\t\t\t\t<div class=\"elementor-widget-container\">\n\t\t\t\t\t\t\t<div class=\"elementor-icon-wrapper\">\n\t\t\t<div class=\"elementor-icon\">\n\t\t\t<i aria-hidden=\"true\" class=\"fab fa-instagram\"><\/i>\t\t\t<\/div>\n\t\t<\/div>\n\t\t\t\t\t\t<\/div>\n\t\t\t\t<\/div>\n\t\t\t\t<div class=\"elementor-element elementor-element-a58d187 elementor-widget__width-auto elementor-widget elementor-widget-heading\" data-id=\"a58d187\" data-element_type=\"widget\" data-e-type=\"widget\" data-widget_type=\"heading.default\">\n\t\t\t\t<div class=\"elementor-widget-container\">\n\t\t\t\t\t<p class=\"elementor-heading-title elementor-size-default\"><a href=\"https:\/\/www.instagram.com\/six.paris\" target=\"_blank\">@six.paris<\/a><\/p>\t\t\t\t<\/div>\n\t\t\t\t<\/div>\n\t\t\t\t\t<\/div>\n\t\t<\/div>\n\t\t\t\t\t<\/div>\n\t\t<\/section>\n\t\t\t\t<div class=\"elementor-element elementor-element-f1bc03f elementor-widget elementor-widget-text-editor\" data-id=\"f1bc03f\" data-element_type=\"widget\" data-e-type=\"widget\" data-widget_type=\"text-editor.default\">\n\t\t\t\t<div class=\"elementor-widget-container\">\n\t\t\t\t\t\t\t\t\t<p><span data-sheets-root=\"1\">With a personality brimming with energy and a temperament for everything, Camille is the embodiment of energy and enthusiasm.<\/span><\/p><p><span data-sheets-root=\"1\">For him, sport is a way of getting to know yourself by developing self-love and self-confidence. Each session becomes an enriching journey towards pleasure, well-being and vitality. <br \/><\/span><\/p><p><span data-sheets-root=\"1\">Ready to explore your potential and have fun while you train? <\/span><\/p>\t\t\t\t\t\t\t\t<\/div>\n\t\t\t\t<\/div>\n\t\t\t\t<div class=\"elementor-element elementor-element-24e17e6 elementor-align-left anim-btn elementor-widget elementor-widget-button\" data-id=\"24e17e6\" data-element_type=\"widget\" data-e-type=\"widget\" id=\"btn-coach\" data-widget_type=\"button.default\">\n\t\t\t\t<div class=\"elementor-widget-container\">\n\t\t\t\t\t\t\t\t\t<div class=\"elementor-button-wrapper\">\n\t\t\t\t\t<a class=\"elementor-button elementor-button-link elementor-size-sm\" href=\"https:\/\/www.poses-studio.com\/en\/coaches\/camille\/planning-camille\/\">\n\t\t\t\t\t\t<span class=\"elementor-button-content-wrapper\">\n\t\t\t\t\t\t<span class=\"elementor-button-icon\">\n\t\t\t\t<i aria-hidden=\"true\" class=\"fas fa-long-arrow-alt-right\"><\/i>\t\t\t<\/span>\n\t\t\t\t\t\t\t\t\t<span class=\"elementor-button-text\">Book a session with Camille<\/span>\n\t\t\t\t\t<\/span>\n\t\t\t\t\t<\/a>\n\t\t\t\t<\/div>\n\t\t\t\t\t\t\t\t<\/div>\n\t\t\t\t<\/div>\n\t\t\t\t\t<\/div>\n\t\t<\/div>\n\t\t\t\t<div class=\"has_eae_slider elementor-column elementor-col-50 elementor-top-column elementor-element elementor-element-57c6591\" data-eae-slider=\"69807\" data-id=\"57c6591\" data-element_type=\"column\" data-e-type=\"column\">\n\t\t\t<div class=\"elementor-widget-wrap elementor-element-populated\">\n\t\t\t\t\t\t<div class=\"elementor-element elementor-element-93c7858 elementor-widget elementor-widget-image\" data-id=\"93c7858\" data-element_type=\"widget\" data-e-type=\"widget\" data-widget_type=\"image.default\">\n\t\t\t\t<div class=\"elementor-widget-container\">\n\t\t\t\t\t\t\t\t\t\t\t\t\t\t\t<img fetchpriority=\"high\" decoding=\"async\" width=\"769\" height=\"1024\" src=\"https:\/\/www.poses-studio.com\/wp-content\/uploads\/2025\/03\/camille-PAGE-IND-769x1024.png\" class=\"attachment-large size-large wp-image-19229\" alt=\"Coach Camille\" srcset=\"https:\/\/www.poses-studio.com\/wp-content\/uploads\/2025\/03\/camille-PAGE-IND-769x1024.png 769w, https:\/\/www.poses-studio.com\/wp-content\/uploads\/2025\/03\/camille-PAGE-IND-225x300.png 225w, https:\/\/www.poses-studio.com\/wp-content\/uploads\/2025\/03\/camille-PAGE-IND-768x1023.png 768w, https:\/\/www.poses-studio.com\/wp-content\/uploads\/2025\/03\/camille-PAGE-IND-9x12.png 9w, https:\/\/www.poses-studio.com\/wp-content\/uploads\/2025\/03\/camille-PAGE-IND.png 1146w\" sizes=\"(max-width: 769px) 100vw, 769px\" \/>\t\t\t\t\t\t\t\t\t\t\t\t\t\t\t<\/div>\n\t\t\t\t<\/div>\n\t\t\t\t\t<\/div>\n\t\t<\/div>\n\t\t\t\t\t<\/div>\n\t\t<\/section>\n\t\t\t\t<section class=\"has_eae_slider elementor-section elementor-top-section elementor-element elementor-element-8183c10 elementor-section-full_width elementor-section-height-default elementor-section-height-default\" data-eae-slider=\"72575\" data-id=\"8183c10\" data-element_type=\"section\" data-e-type=\"section\">\n\t\t\t\t\t\t<div class=\"elementor-container elementor-column-gap-default\">\n\t\t\t\t\t<div class=\"has_eae_slider elementor-column elementor-col-100 elementor-top-column elementor-element elementor-element-ce162ed\" data-eae-slider=\"33279\" data-id=\"ce162ed\" data-element_type=\"column\" data-e-type=\"column\">\n\t\t\t<div class=\"elementor-widget-wrap elementor-element-populated\">\n\t\t\t\t\t\t<div class=\"elementor-element elementor-element-e24cfd8 titre-margin-neg elementor-widget elementor-widget-heading\" data-id=\"e24cfd8\" data-element_type=\"widget\" data-e-type=\"widget\" data-widget_type=\"heading.default\">\n\t\t\t\t<div class=\"elementor-widget-container\">\n\t\t\t\t\t<h3 class=\"elementor-heading-title elementor-size-default\">Favorite albums<\/h3>\t\t\t\t<\/div>\n\t\t\t\t<\/div>\n\t\t\t\t<section class=\"has_eae_slider elementor-section elementor-inner-section elementor-element elementor-element-57a4461 elementor-section-boxed elementor-section-height-default elementor-section-height-default\" data-eae-slider=\"10934\" data-id=\"57a4461\" data-element_type=\"section\" data-e-type=\"section\">\n\t\t\t\t\t\t<div class=\"elementor-container elementor-column-gap-default\">\n\t\t\t\t\t<div class=\"has_eae_slider elementor-column elementor-col-100 elementor-inner-column elementor-element elementor-element-c363e42\" data-eae-slider=\"46464\" data-id=\"c363e42\" data-element_type=\"column\" data-e-type=\"column\">\n\t\t\t<div class=\"elementor-widget-wrap elementor-element-populated\">\n\t\t\t\t\t\t<div class=\"elementor-element elementor-element-4cdd29b elementor-widget__width-auto elementor-widget elementor-widget-image\" data-id=\"4cdd29b\" data-element_type=\"widget\" data-e-type=\"widget\" data-widget_type=\"image.default\">\n\t\t\t\t<div class=\"elementor-widget-container\">\n\t\t\t\t\t\t\t\t\t\t\t\t\t\t\t\t<a href=\"https:\/\/open.spotify.com\/intl-fr\/album\/2bYCNZfxZrTUv1CHXkz2d2?autoplay=true\" target=\"_blank\">\n\t\t\t\t\t\t\t<img decoding=\"async\" width=\"150\" height=\"150\" src=\"https:\/\/www.poses-studio.com\/wp-content\/uploads\/2025\/03\/Pink-Friday-2-Nicki-Minaj-150x150.jpg\" class=\"attachment-thumbnail size-thumbnail wp-image-19241\" alt=\"Pink Friday 2 music album Nicki Minaj\" srcset=\"https:\/\/www.poses-studio.com\/wp-content\/uploads\/2025\/03\/Pink-Friday-2-Nicki-Minaj-150x150.jpg 150w, https:\/\/www.poses-studio.com\/wp-content\/uploads\/2025\/03\/Pink-Friday-2-Nicki-Minaj-300x300.jpg 300w, https:\/\/www.poses-studio.com\/wp-content\/uploads\/2025\/03\/Pink-Friday-2-Nicki-Minaj-12x12.jpg 12w, https:\/\/www.poses-studio.com\/wp-content\/uploads\/2025\/03\/Pink-Friday-2-Nicki-Minaj.jpg 340w\" sizes=\"(max-width: 150px) 100vw, 150px\" \/>\t\t\t\t\t\t\t\t<\/a>\n\t\t\t\t\t\t\t\t\t\t\t\t\t\t\t<\/div>\n\t\t\t\t<\/div>\n\t\t\t\t<div class=\"elementor-element elementor-element-98dfae2 elementor-widget__width-auto elementor-widget elementor-widget-image\" data-id=\"98dfae2\" data-element_type=\"widget\" data-e-type=\"widget\" data-widget_type=\"image.default\">\n\t\t\t\t<div class=\"elementor-widget-container\">\n\t\t\t\t\t\t\t\t\t\t\t\t\t\t\t\t<a href=\"https:\/\/open.spotify.com\/intl-fr\/album\/7ovdjtmV0Bkm4Xb4pqtrZt\" target=\"_blank\">\n\t\t\t\t\t\t\t<img decoding=\"async\" width=\"150\" height=\"150\" src=\"https:\/\/www.poses-studio.com\/wp-content\/uploads\/2025\/03\/Ipseite-Damso-150x150.jpg\" class=\"attachment-thumbnail size-thumbnail wp-image-19240\" alt=\"album music Ips\u00e9it\u00e9 Damso\" srcset=\"https:\/\/www.poses-studio.com\/wp-content\/uploads\/2025\/03\/Ipseite-Damso-150x150.jpg 150w, https:\/\/www.poses-studio.com\/wp-content\/uploads\/2025\/03\/Ipseite-Damso-300x300.jpg 300w, https:\/\/www.poses-studio.com\/wp-content\/uploads\/2025\/03\/Ipseite-Damso-12x12.jpg 12w, https:\/\/www.poses-studio.com\/wp-content\/uploads\/2025\/03\/Ipseite-Damso.jpg 500w\" sizes=\"(max-width: 150px) 100vw, 150px\" \/>\t\t\t\t\t\t\t\t<\/a>\n\t\t\t\t\t\t\t\t\t\t\t\t\t\t\t<\/div>\n\t\t\t\t<\/div>\n\t\t\t\t<div class=\"elementor-element elementor-element-08d393b elementor-widget__width-auto elementor-widget elementor-widget-image\" data-id=\"08d393b\" data-element_type=\"widget\" data-e-type=\"widget\" data-widget_type=\"image.default\">\n\t\t\t\t<div class=\"elementor-widget-container\">\n\t\t\t\t\t\t\t\t\t\t\t\t\t\t\t\t<a href=\"https:\/\/open.spotify.com\/intl-fr\/track\/4a5pNRjwmzYQuEY1E7O6pj\" target=\"_blank\">\n\t\t\t\t\t\t\t<img loading=\"lazy\" decoding=\"async\" width=\"150\" height=\"150\" src=\"https:\/\/www.poses-studio.com\/wp-content\/uploads\/2025\/03\/Breakfast-in-America-Supertramp-150x150.jpg\" class=\"attachment-thumbnail size-thumbnail wp-image-19239\" alt=\"Breakfast in America music album - Supertramp\" srcset=\"https:\/\/www.poses-studio.com\/wp-content\/uploads\/2025\/03\/Breakfast-in-America-Supertramp-150x150.jpg 150w, https:\/\/www.poses-studio.com\/wp-content\/uploads\/2025\/03\/Breakfast-in-America-Supertramp-300x300.jpg 300w, https:\/\/www.poses-studio.com\/wp-content\/uploads\/2025\/03\/Breakfast-in-America-Supertramp-768x765.jpg 768w, https:\/\/www.poses-studio.com\/wp-content\/uploads\/2025\/03\/Breakfast-in-America-Supertramp-12x12.jpg 12w, https:\/\/www.poses-studio.com\/wp-content\/uploads\/2025\/03\/Breakfast-in-America-Supertramp.jpg 1000w\" sizes=\"(max-width: 150px) 100vw, 150px\" \/>\t\t\t\t\t\t\t\t<\/a>\n\t\t\t\t\t\t\t\t\t\t\t\t\t\t\t<\/div>\n\t\t\t\t<\/div>\n\t\t\t\t\t<\/div>\n\t\t<\/div>\n\t\t\t\t\t<\/div>\n\t\t<\/section>\n\t\t\t\t\t<\/div>\n\t\t<\/div>\n\t\t\t\t\t<\/div>\n\t\t<\/section>\n\t\t\t\t<\/div>","protected":false},"excerpt":{"rendered":"<p>Camille @six.paris Une personnalit\u00e9 d\u00e9bordante d\u2019\u00e9nergie doubl\u00e9e d\u2019un temp\u00e9rament touche \u00e0 tout, Camille incarne l\u2019\u00e9nergie et l\u2019enthousiasme. Pour lui, le sport est un moyen d\u2019apprendre \u00e0 se conna\u00eetre en d\u00e9veloppant amour de soi et confiance en soi. Chaque session devient alors un parcours enrichissant vers le plaisir, le bien-\u00eatre et la vitalit\u00e9. Pr\u00eat(e) \u00e0 explorer [&hellip;]<\/p>\n","protected":false},"author":14,"featured_media":0,"parent":10,"menu_order":0,"comment_status":"closed","ping_status":"closed","template":"","meta":{"_acf_changed":false,"footnotes":""},"class_list":["post-773","page","type-page","status-publish","hentry"],"acf":[],"yoast_head":"<!-- This site is optimized with the Yoast SEO plugin v27.3 - https:\/\/yoast.com\/product\/yoast-seo-wordpress\/ -->\n<title>Let it Flow with Camille - POSES Studio - Yoga, Pilates<\/title>\n<meta name=\"description\" content=\"Une personnalit\u00e9 d\u00e9bordante d\u2019\u00e9nergie doubl\u00e9e d\u2019un temp\u00e9rament touche \u00e0 tout, Camille incarne l\u2019\u00e9nergie et l\u2019enthousiasme. Pour lui, le sport est un moyen d\u2019apprendre \u00e0 se conna\u00eetre en d\u00e9veloppant amour de soi et confiance en soi. Chaque session devient alors un parcours enrichissant vers le plaisir, le bien-\u00eatre et la vitalit\u00e9.\" \/>\n<meta name=\"robots\" content=\"index, follow, max-snippet:-1, max-image-preview:large, max-video-preview:-1\" \/>\n<link rel=\"canonical\" href=\"https:\/\/www.poses-studio.com\/en\/coaches\/camille\/\" \/>\n<meta property=\"og:locale\" content=\"en_GB\" \/>\n<meta property=\"og:type\" content=\"article\" \/>\n<meta property=\"og:title\" content=\"Let it Flow with Camille - POSES Studio - Yoga, Pilates\" \/>\n<meta property=\"og:description\" content=\"Une personnalit\u00e9 d\u00e9bordante d\u2019\u00e9nergie doubl\u00e9e d\u2019un temp\u00e9rament touche \u00e0 tout, Camille incarne l\u2019\u00e9nergie et l\u2019enthousiasme. Pour lui, le sport est un moyen d\u2019apprendre \u00e0 se conna\u00eetre en d\u00e9veloppant amour de soi et confiance en soi. Chaque session devient alors un parcours enrichissant vers le plaisir, le bien-\u00eatre et la vitalit\u00e9.\" \/>\n<meta property=\"og:url\" content=\"https:\/\/www.poses-studio.com\/en\/coaches\/camille\/\" \/>\n<meta property=\"og:site_name\" content=\"POSES Studio\" \/>\n<meta property=\"article:publisher\" content=\"https:\/\/www.facebook.com\/studiosposes\" \/>\n<meta property=\"article:modified_time\" content=\"2026-01-22T16:40:23+00:00\" \/>\n<meta property=\"og:image\" content=\"https:\/\/www.poses-studio.com\/wp-content\/uploads\/2025\/03\/camille-PAGE-IND-769x1024.png\" \/>\n<meta name=\"twitter:card\" content=\"summary_large_image\" \/>\n<meta name=\"twitter:label1\" content=\"Estimated reading time\" \/>\n\t<meta name=\"twitter:data1\" content=\"2 minutes\" \/>\n<script type=\"application\/ld+json\" class=\"yoast-schema-graph\">{\"@context\":\"https:\\\/\\\/schema.org\",\"@graph\":[{\"@type\":\"WebPage\",\"@id\":\"https:\\\/\\\/www.poses-studio.com\\\/coachs\\\/camille\\\/\",\"url\":\"https:\\\/\\\/www.poses-studio.com\\\/coachs\\\/camille\\\/\",\"name\":\"Let it Flow with Camille - POSES Studio - Yoga, Pilates\",\"isPartOf\":{\"@id\":\"https:\\\/\\\/www.poses-studio.com\\\/#website\"},\"primaryImageOfPage\":{\"@id\":\"https:\\\/\\\/www.poses-studio.com\\\/coachs\\\/camille\\\/#primaryimage\"},\"image\":{\"@id\":\"https:\\\/\\\/www.poses-studio.com\\\/coachs\\\/camille\\\/#primaryimage\"},\"thumbnailUrl\":\"https:\\\/\\\/www.poses-studio.com\\\/wp-content\\\/uploads\\\/2025\\\/03\\\/camille-PAGE-IND-769x1024.png\",\"datePublished\":\"2020-11-06T15:19:58+00:00\",\"dateModified\":\"2026-01-22T16:40:23+00:00\",\"description\":\"Une personnalit\u00e9 d\u00e9bordante d\u2019\u00e9nergie doubl\u00e9e d\u2019un temp\u00e9rament touche \u00e0 tout, Camille incarne l\u2019\u00e9nergie et l\u2019enthousiasme. Pour lui, le sport est un moyen d\u2019apprendre \u00e0 se conna\u00eetre en d\u00e9veloppant amour de soi et confiance en soi. Chaque session devient alors un parcours enrichissant vers le plaisir, le bien-\u00eatre et la vitalit\u00e9.\",\"breadcrumb\":{\"@id\":\"https:\\\/\\\/www.poses-studio.com\\\/coachs\\\/camille\\\/#breadcrumb\"},\"inLanguage\":\"en-GB\",\"potentialAction\":[{\"@type\":\"ReadAction\",\"target\":[\"https:\\\/\\\/www.poses-studio.com\\\/coachs\\\/camille\\\/\"]}]},{\"@type\":\"ImageObject\",\"inLanguage\":\"en-GB\",\"@id\":\"https:\\\/\\\/www.poses-studio.com\\\/coachs\\\/camille\\\/#primaryimage\",\"url\":\"https:\\\/\\\/www.poses-studio.com\\\/wp-content\\\/uploads\\\/2025\\\/03\\\/camille-PAGE-IND-769x1024.png\",\"contentUrl\":\"https:\\\/\\\/www.poses-studio.com\\\/wp-content\\\/uploads\\\/2025\\\/03\\\/camille-PAGE-IND-769x1024.png\"},{\"@type\":\"BreadcrumbList\",\"@id\":\"https:\\\/\\\/www.poses-studio.com\\\/coachs\\\/camille\\\/#breadcrumb\",\"itemListElement\":[{\"@type\":\"ListItem\",\"position\":1,\"name\":\"Accueil\",\"item\":\"https:\\\/\\\/www.poses-studio.com\\\/\"},{\"@type\":\"ListItem\",\"position\":2,\"name\":\"Coachs\",\"item\":\"https:\\\/\\\/www.poses-studio.com\\\/coachs\\\/\"},{\"@type\":\"ListItem\",\"position\":3,\"name\":\"Camille\"}]},{\"@type\":\"WebSite\",\"@id\":\"https:\\\/\\\/www.poses-studio.com\\\/#website\",\"url\":\"https:\\\/\\\/www.poses-studio.com\\\/\",\"name\":\"POSES Studio\",\"description\":\"\",\"publisher\":{\"@id\":\"https:\\\/\\\/www.poses-studio.com\\\/#organization\"},\"potentialAction\":[{\"@type\":\"SearchAction\",\"target\":{\"@type\":\"EntryPoint\",\"urlTemplate\":\"https:\\\/\\\/www.poses-studio.com\\\/?s={search_term_string}\"},\"query-input\":{\"@type\":\"PropertyValueSpecification\",\"valueRequired\":true,\"valueName\":\"search_term_string\"}}],\"inLanguage\":\"en-GB\"},{\"@type\":\"Organization\",\"@id\":\"https:\\\/\\\/www.poses-studio.com\\\/#organization\",\"name\":\"Poses Yoga\",\"url\":\"https:\\\/\\\/www.poses-studio.com\\\/\",\"logo\":{\"@type\":\"ImageObject\",\"inLanguage\":\"en-GB\",\"@id\":\"https:\\\/\\\/www.poses-studio.com\\\/#\\\/schema\\\/logo\\\/image\\\/\",\"url\":\"https:\\\/\\\/www.poses-studio.com\\\/wp-content\\\/uploads\\\/2020\\\/10\\\/cropped-FAVICON.png\",\"contentUrl\":\"https:\\\/\\\/www.poses-studio.com\\\/wp-content\\\/uploads\\\/2020\\\/10\\\/cropped-FAVICON.png\",\"width\":512,\"height\":512,\"caption\":\"Poses Yoga\"},\"image\":{\"@id\":\"https:\\\/\\\/www.poses-studio.com\\\/#\\\/schema\\\/logo\\\/image\\\/\"},\"sameAs\":[\"https:\\\/\\\/www.facebook.com\\\/studiosposes\",\"https:\\\/\\\/www.instagram.com\\\/studioposes\\\/\",\"https:\\\/\\\/www.linkedin.com\\\/showcase\\\/poses-yoga-studio\\\/\"]}]}<\/script>\n<!-- \/ Yoast SEO plugin. -->","yoast_head_json":{"title":"Let it Flow with Camille - POSES Studio - Yoga, Pilates","description":"Une personnalit\u00e9 d\u00e9bordante d\u2019\u00e9nergie doubl\u00e9e d\u2019un temp\u00e9rament touche \u00e0 tout, Camille incarne l\u2019\u00e9nergie et l\u2019enthousiasme. Pour lui, le sport est un moyen d\u2019apprendre \u00e0 se conna\u00eetre en d\u00e9veloppant amour de soi et confiance en soi. Chaque session devient alors un parcours enrichissant vers le plaisir, le bien-\u00eatre et la vitalit\u00e9.","robots":{"index":"index","follow":"follow","max-snippet":"max-snippet:-1","max-image-preview":"max-image-preview:large","max-video-preview":"max-video-preview:-1"},"canonical":"https:\/\/www.poses-studio.com\/en\/coaches\/camille\/","og_locale":"en_GB","og_type":"article","og_title":"Let it Flow with Camille - POSES Studio - Yoga, Pilates","og_description":"Une personnalit\u00e9 d\u00e9bordante d\u2019\u00e9nergie doubl\u00e9e d\u2019un temp\u00e9rament touche \u00e0 tout, Camille incarne l\u2019\u00e9nergie et l\u2019enthousiasme. Pour lui, le sport est un moyen d\u2019apprendre \u00e0 se conna\u00eetre en d\u00e9veloppant amour de soi et confiance en soi. Chaque session devient alors un parcours enrichissant vers le plaisir, le bien-\u00eatre et la vitalit\u00e9.","og_url":"https:\/\/www.poses-studio.com\/en\/coaches\/camille\/","og_site_name":"POSES Studio","article_publisher":"https:\/\/www.facebook.com\/studiosposes","article_modified_time":"2026-01-22T16:40:23+00:00","og_image":[{"url":"https:\/\/www.poses-studio.com\/wp-content\/uploads\/2025\/03\/camille-PAGE-IND-769x1024.png","type":"","width":"","height":""}],"twitter_card":"summary_large_image","twitter_misc":{"Estimated reading time":"2 minutes"},"schema":{"@context":"https:\/\/schema.org","@graph":[{"@type":"WebPage","@id":"https:\/\/www.poses-studio.com\/coachs\/camille\/","url":"https:\/\/www.poses-studio.com\/coachs\/camille\/","name":"Let it Flow with Camille - POSES Studio - Yoga, Pilates","isPartOf":{"@id":"https:\/\/www.poses-studio.com\/#website"},"primaryImageOfPage":{"@id":"https:\/\/www.poses-studio.com\/coachs\/camille\/#primaryimage"},"image":{"@id":"https:\/\/www.poses-studio.com\/coachs\/camille\/#primaryimage"},"thumbnailUrl":"https:\/\/www.poses-studio.com\/wp-content\/uploads\/2025\/03\/camille-PAGE-IND-769x1024.png","datePublished":"2020-11-06T15:19:58+00:00","dateModified":"2026-01-22T16:40:23+00:00","description":"Une personnalit\u00e9 d\u00e9bordante d\u2019\u00e9nergie doubl\u00e9e d\u2019un temp\u00e9rament touche \u00e0 tout, Camille incarne l\u2019\u00e9nergie et l\u2019enthousiasme. Pour lui, le sport est un moyen d\u2019apprendre \u00e0 se conna\u00eetre en d\u00e9veloppant amour de soi et confiance en soi. Chaque session devient alors un parcours enrichissant vers le plaisir, le bien-\u00eatre et la vitalit\u00e9.","breadcrumb":{"@id":"https:\/\/www.poses-studio.com\/coachs\/camille\/#breadcrumb"},"inLanguage":"en-GB","potentialAction":[{"@type":"ReadAction","target":["https:\/\/www.poses-studio.com\/coachs\/camille\/"]}]},{"@type":"ImageObject","inLanguage":"en-GB","@id":"https:\/\/www.poses-studio.com\/coachs\/camille\/#primaryimage","url":"https:\/\/www.poses-studio.com\/wp-content\/uploads\/2025\/03\/camille-PAGE-IND-769x1024.png","contentUrl":"https:\/\/www.poses-studio.com\/wp-content\/uploads\/2025\/03\/camille-PAGE-IND-769x1024.png"},{"@type":"BreadcrumbList","@id":"https:\/\/www.poses-studio.com\/coachs\/camille\/#breadcrumb","itemListElement":[{"@type":"ListItem","position":1,"name":"Accueil","item":"https:\/\/www.poses-studio.com\/"},{"@type":"ListItem","position":2,"name":"Coachs","item":"https:\/\/www.poses-studio.com\/coachs\/"},{"@type":"ListItem","position":3,"name":"Camille"}]},{"@type":"WebSite","@id":"https:\/\/www.poses-studio.com\/#website","url":"https:\/\/www.poses-studio.com\/","name":"Studio POSES","description":"","publisher":{"@id":"https:\/\/www.poses-studio.com\/#organization"},"potentialAction":[{"@type":"SearchAction","target":{"@type":"EntryPoint","urlTemplate":"https:\/\/www.poses-studio.com\/?s={search_term_string}"},"query-input":{"@type":"PropertyValueSpecification","valueRequired":true,"valueName":"search_term_string"}}],"inLanguage":"en-GB"},{"@type":"Organization","@id":"https:\/\/www.poses-studio.com\/#organization","name":"Yoga Poses","url":"https:\/\/www.poses-studio.com\/","logo":{"@type":"ImageObject","inLanguage":"en-GB","@id":"https:\/\/www.poses-studio.com\/#\/schema\/logo\/image\/","url":"https:\/\/www.poses-studio.com\/wp-content\/uploads\/2020\/10\/cropped-FAVICON.png","contentUrl":"https:\/\/www.poses-studio.com\/wp-content\/uploads\/2020\/10\/cropped-FAVICON.png","width":512,"height":512,"caption":"Poses Yoga"},"image":{"@id":"https:\/\/www.poses-studio.com\/#\/schema\/logo\/image\/"},"sameAs":["https:\/\/www.facebook.com\/studiosposes","https:\/\/www.instagram.com\/studioposes\/","https:\/\/www.linkedin.com\/showcase\/poses-yoga-studio\/"]}]}},"jetpack_sharing_enabled":true,"_links":{"self":[{"href":"https:\/\/www.poses-studio.com\/en\/wp-json\/wp\/v2\/pages\/773","targetHints":{"allow":["GET"]}}],"collection":[{"href":"https:\/\/www.poses-studio.com\/en\/wp-json\/wp\/v2\/pages"}],"about":[{"href":"https:\/\/www.poses-studio.com\/en\/wp-json\/wp\/v2\/types\/page"}],"author":[{"embeddable":true,"href":"https:\/\/www.poses-studio.com\/en\/wp-json\/wp\/v2\/users\/14"}],"replies":[{"embeddable":true,"href":"https:\/\/www.poses-studio.com\/en\/wp-json\/wp\/v2\/comments?post=773"}],"version-history":[{"count":3,"href":"https:\/\/www.poses-studio.com\/en\/wp-json\/wp\/v2\/pages\/773\/revisions"}],"predecessor-version":[{"id":21211,"href":"https:\/\/www.poses-studio.com\/en\/wp-json\/wp\/v2\/pages\/773\/revisions\/21211"}],"up":[{"embeddable":true,"href":"https:\/\/www.poses-studio.com\/en\/wp-json\/wp\/v2\/pages\/10"}],"wp:attachment":[{"href":"https:\/\/www.poses-studio.com\/en\/wp-json\/wp\/v2\/media?parent=773"}],"curies":[{"name":"wp","href":"https:\/\/api.w.org\/{rel}","templated":true}]}}